{"id":11,"date":"2019-06-18T17:20:10","date_gmt":"2019-06-18T17:20:10","guid":{"rendered":"https:\/\/vein123.com\/?page_id=11"},"modified":"2019-07-12T10:49:02","modified_gmt":"2019-07-12T10:49:02","slug":"home","status":"publish","type":"page","link":"https:\/\/vein123.com\/pt\/","title":{"rendered":"Inicial"},"content":{"rendered":"<\/p>\n<div class=\"top-animation\">\n<link href=\"https:\/\/fonts.googleapis.com\/css?family=Abel&#038;display=swap\" rel=\"stylesheet\">\n<style type=\"text\/css\">\n<p>.conteiner-anime{font-size: 2vw;width: 100%;max-height: 1700px;\/*height: 700px;*\/background: #42403c;\n}\n.background_top_text{\/*position: relative;*\/width: 100%;\/*height: 18%;*\/\n}\n.fon{position: relative;z-index: 2;bottom: 0;opacity: 0;\/* width: 100%;*\/height: 0%;text-align: center;padding: 12px;font-size: 2em;font-family: 'Abel', sans-serif;color: #b1a87b;text-shadow: 12px 10px 26px #000;<\/p>\n<p>background-color: #4f3f28;\/* IE9, iOS 3.2+ *\/background-image: url(data:image\/svg+xml;base64,PHN2ZyB4bWxucz0iaHR0cDovL3d3dy53My5vcmcvMjAwMC9zdmciIHdpZHRoPSIxMDAlIiBoZWlnaHQ9IjEwMCUiIHZpZXdCb3g9IjAgMCAxIDEiIHByZXNlcnZlQXNwZWN0UmF0aW89Im5vbmUiPjxsaW5lYXJHcmFkaWVudCBpZD0idnNnZyIgZ3JhZGllbnRVbml0cz0idXNlclNwYWNlT25Vc2UiIHgxPSIwJSIgeTE9IjAlIiB4Mj0iMCUiIHkyPSIxMDAlIj48c3RvcCBzdG9wLWNvbG9yPSIjNmE1MTM2IiBzdG9wLW9wYWNpdHk9IjEiIG9mZnNldD0iMCIvPjxzdG9wIHN0b3AtY29sb3I9IiMzNDJjMWEiIHN0b3Atb3BhY2l0eT0iMSIgb2Zmc2V0PSIxIi8+PC9saW5lYXJHcmFkaWVudD48cmVjdCB4PSIwIiB5PSIwIiB3aWR0aD0iMSIgaGVpZ2h0PSIxIiBmaWxsPSJ1cmwoI3ZzZ2cpIiAvPjwvc3ZnPg==);background-image: -webkit-gradient(linear, 0% 0%, 0% 100%,color-stop(0, rgb(106, 81, 54)),color-stop(1, rgb(52, 44, 26)));\/* Android 2.3 *\/background-image: -webkit-repeating-linear-gradient(top,rgb(106, 81, 54) 0%,rgb(52, 44, 26) 100%);\/* IE10+ *\/background-image: repeating-linear-gradient(to bottom,rgb(106, 81, 54) 0%,rgb(52, 44, 26) 100%);background-image: -ms-repeating-linear-gradient(top,rgb(106, 81, 54) 0%,rgb(52, 44, 26) 100%);\n}\n.background_line{position: relative;width: 0%;padding-top: 10px;\/*height: 2%;*\/z-index: 10;background-color: #554b34;\/* IE9, iOS 3.2+ *\/background-image: url(data:image\/svg+xml;base64,PHN2ZyB4bWxucz0iaHR0cDovL3d3dy53My5vcmcvMjAwMC9zdmciIHdpZHRoPSIxMDAlIiBoZWlnaHQ9IjEwMCUiIHZpZXdCb3g9IjAgMCAxIDEiIHByZXNlcnZlQXNwZWN0UmF0aW89Im5vbmUiPjxsaW5lYXJHcmFkaWVudCBpZD0idnNnZyIgZ3JhZGllbnRVbml0cz0idXNlclNwYWNlT25Vc2UiIHgxPSIwJSIgeTE9IjAlIiB4Mj0iMTAwJSIgeTI9IjAlIj48c3RvcCBzdG9wLWNvbG9yPSIjN2E2MzRhIiBzdG9wLW9wYWNpdHk9IjEiIG9mZnNldD0iMCIvPjxzdG9wIHN0b3AtY29sb3I9IiM1NDRjMzQiIHN0b3Atb3BhY2l0eT0iMSIgb2Zmc2V0PSIwLjM1MTAwMDAwMDAwMDAwMDAzIi8+PHN0b3Agc3RvcC1jb2xvcj0iIzQ0M2IyNyIgc3RvcC1vcGFjaXR5PSIxIiBvZmZzZXQ9IjEiLz48L2xpbmVhckdyYWRpZW50PjxyZWN0IHg9IjAiIHk9IjAiIHdpZHRoPSIxIiBoZWlnaHQ9IjEiIGZpbGw9InVybCgjdnNnZykiIC8+PC9zdmc+);background-image: -webkit-gradient(linear, 0% 0%, 100% 0%,color-stop(0, rgb(122, 99, 74)),color-stop(0.351, rgb(84, 76, 52)),color-stop(1, rgb(68, 59, 39)));\/* Android 2.3 *\/background-image: -webkit-repeating-linear-gradient(left,rgb(122, 99, 74) 0%,rgb(84, 76, 52) 35.1%,rgb(68, 59, 39) 100%);\/* IE10+ *\/background-image: repeating-linear-gradient(to right,rgb(122, 99, 74) 0%,rgb(84, 76, 52) 35.1%,rgb(68, 59, 39) 100%);background-image: -ms-repeating-linear-gradient(left,rgb(122, 99, 74) 0%,rgb(84, 76, 52) 35.1%,rgb(68, 59, 39) 100%);\n}\n.background_girl{position: relative;width: 100%;\n}\n.fon_girl{position: absolute;top: 0;left: 0;z-index: 5;width: 100%;height: 100%;<\/p>\n<p>background-color: #15120a;<\/p>\n<p>\/* Android 2.3 *\/background-image: -webkit-repeating-radial-gradient(-2% 12%, ellipse farthest-corner,rgb(92, 72, 56) 0%,rgb(57, 49, 31) 14.4%,rgb(57, 49, 31) 15.9%,rgb(8, 9, 2) 23.5%,rgb(6, 7, 0) 37.1%,rgb(19, 17, 6) 54%,rgb(2, 4, 0) 86.2%,rgb(0, 0, 0) 100%);\/* IE10+ *\/background-image: repeating-radial-gradient(ellipse farthest-corner at -2% 12%,rgb(92, 72, 56) 0%,rgb(57, 49, 31) 14.4%,rgb(57, 49, 31) 15.9%,rgb(8, 9, 2) 23.5%,rgb(6, 7, 0) 37.1%,rgb(19, 17, 6) 54%,rgb(2, 4, 0) 86.2%,rgb(0, 0, 0) 100%);background-image: -ms-repeating-radial-gradient(-2% 12%, ellipse farthest-corner,rgb(92, 72, 56) 0%,rgb(57, 49, 31) 14.4%,rgb(57, 49, 31) 15.9%,rgb(8, 9, 2) 23.5%,rgb(6, 7, 0) 37.1%,rgb(19, 17, 6) 54%,rgb(2, 4, 0) 86.2%,rgb(0, 0, 0) 100%);\n}\n.girl{position: relative;z-index: 10;bottom: 0;opacity: 0;width: 50%;height: 100%;width: 49%;text-align: right;padding: 30px 0 0 0;box-sizing: border-box;display: inline-block;\n}\n.background_girl img{max-width: 260px;height: auto;display: block;width: 100%;\/*min-width: 200px;*\/display: inline-block;\n}\n.logo_img{position: relative;z-index: 10;opacity: 0;width: 49%;height: 100%;display: inline-block;padding: 100px 10px 30px 10px;box-sizing: border-box;\/*padding-left: 5%;*\/vertical-align: top;\n}\n.logo_img img{max-width: 290px;height: auto;display: inline-block;\/*display: none;*\/\n}\n.logo_text{\/*position: absolute;top: 0;left: 0;*\/\/*width: 18.18em;*\/opacity: 0;\/*display: inline-block;*\/font-family: 'Abel', sans-serif, monospace;position: absolute;top: 200px;left: 52px;z-index: 11;\/*max-width: 250px;*\/\/*margin-left: 80px;margin-top: -170px;*\/background: repeating-linear-gradient(to right, rgb(18, 16, 6) 0%,rgb(12, 12, 4) 100%);color: #fff;\/*font-size: 1.2em;*\/line-height: 0.8;\/*text-align: center;*\/\/*background: no-repeat url(\"img\/logo.png\");background-size: 100%;*\/\n}\n.text1{font-size: 5em;text-align: center;line-height: 0.8;\n}\n.text2{\/*display: none;*\/color: #b1a87b;\/**\/position: relative;\/*top: 50%;*\/width: 14.18em;margin-left: 10%;\/*margin: 0 auto;*\/\/* border-right: 2px solid rgba(255,255,255,.75);*\/font-size: 0.9em;text-align: left;white-space: nowrap;overflow: hidden;\/*-webkit-transform: translateY(-50%);*\/\/*transform: translateY(-50%);*\/-webkit-box-sizing:content-box;box-sizing:content-box;\n}\n\/*@-webkit-keyframes typing { from { width: 0; } }*\/\n.texttypin{width: 0;\/*width: 29ch;white-space: nowrap;overflow: hidden;-webkit-animation: typing 1s steps(29, end);font-family: 'Abel', sans-serif, monospace;*\/\n}<\/p>\n<p>.gradient {<\/p>\n<p>}<\/p>\n<p>\/* IE8- CSS hack *\/\n@media screen,screen9 {.gradient {filter: progid:DXImageTransform.Microsoft.gradient(startColorstr=\"#ff5c4838\",endColorstr=\"#ff000000\",GradientType=0);}.background_line {filter: progid:DXImageTransform.Microsoft.gradient(startColorstr=\"#ff7a634a\",endColorstr=\"#ff443b27\",GradientType=1);}.background_top_text {filter: progid:DXImageTransform.Microsoft.gradient(startColorstr=\"#ff6a5136\",endColorstr=\"#ff342c1a\",GradientType=0);}\n}\n@media screen and (min-width: 670px) {\/*.text1{font-size: 3em;}*\/\/*.logo_text{margin-top: -100px;}*\/\n.conteiner-anime{font-size: 14px;\n}<\/p>\n<p>}\n@media screen and (max-width: 670px) {.logo_text{top: 54%;left: 12%;\n}\n}\n@media screen and (max-width: 480px) {.logo_text{top: 58%;left: 12%;\n}\n.fon{font-size: 1.89em;\n}\n}<\/p>\n<\/style>\n<div class=\"conteiner-anime\">\n<div class=\"background_top_text\">\n<div class=\"fon\">Welcome to Fort Lauderdale Varicose &#038; Spider Vein Clinic<\/div>\n<\/div>\n<div class=\"background_line\"><\/div>\n<div class=\"background_girl\">\n<div class=\"girl\"><img decoding=\"async\" src=\"https:\/\/vein123.com\/wp-content\/uploads\/Fort_Lauderdale\/img\/girl.png\" alt=\"\" \/><\/div>\n<div class=\"logo_img\">\n<p><img decoding=\"async\" src=\"https:\/\/vein123.com\/wp-content\/uploads\/Fort_Lauderdale\/img\/logo.png\" alt=\"\" \/><\/p>\n<div class=\"logo_text\"><span class=\"text1\">BEAUTY<\/span><br \/>\n<span class=\"text2 texttypin\">THE BEST CARE FOR YOUR BEAUTY<\/span><\/div>\n<\/div>\n<div class=\"fon_girl\"><\/div>\n<\/div>\n<\/div>\n<p><script type='text\/javascript' src='https:\/\/vein123.com\/wp-content\/uploads\/Fort_Lauderdale\/js\/gsap.js'><\/script><br \/>\n<script type='text\/javascript' src='https:\/\/vein123.com\/wp-content\/uploads\/Fort_Lauderdale\/js\/theme.js'><\/script><\/p>\n<\/div>\n\t<div id=\"gap-61373006\" class=\"gap-element clearfix\" style=\"display:block; height:auto;\">\n\t\t\n<style>\n#gap-61373006 {\n  padding-top: 40px;\n}\n<\/style>\n\t<\/div>\n\t\n<div class=\"row row-divided\"  id=\"row-1806641783\">\n\n\t<div id=\"col-1251296745\" class=\"col medium-5 large-5\"  >\n\t\t\t\t<div class=\"col-inner text-center\"  >\n\t\t\t\n\t\t\t\n\t<div class=\"img has-hover x md-x lg-x y md-y lg-y\" id=\"image_1910880219\">\n\t\t\t\t\t\t\t\t<div class=\"img-inner image-cover dark\" style=\"padding-top:346px;\">\n\t\t\t<img loading=\"lazy\" decoding=\"async\" width=\"240\" height=\"336\" src=\"https:\/\/vein123.com\/wp-content\/uploads\/2019\/06\/rubbing-legs.jpg\" class=\"attachment-large size-large\" alt=\"\" srcset=\"https:\/\/vein123.com\/wp-content\/uploads\/2019\/06\/rubbing-legs.jpg 240w, https:\/\/vein123.com\/wp-content\/uploads\/2019\/06\/rubbing-legs-214x300.jpg 214w\" sizes=\"auto, (max-width: 240px) 100vw, 240px\" \/>\t\t\t\t\t\t\n\t\t\t\t\t<\/div>\n\t\t\t\t\t\t\t\t\n<style>\n#image_1910880219 {\n  width: 65%;\n}\n<\/style>\n\t<\/div>\n\t\n<p><span style=\"color: #bfa675;\"><strong><span class=\"goog-text-highlight\">Usando os m\u00e9todos comprovados de escleroterapia, Sonogram e EVLT (laser interno) varizes e vasinhos podem ser tratados com um n\u00edvel de efic\u00e1cia e seguran\u00e7a anteriormente inating\u00edvel.\u00a0<\/span>Se voc\u00ea sofre de problemas relacionados a varizes e vasinhos, n\u00e3o precisa se sentir sozinho.\u00a0Aproximadamente 90 milh\u00f5es de pessoas nos EUA sofrem de algum tipo de dist\u00farbio venoso.\u00a0Enquanto alguns procuram tratamento para a melhoria cosm\u00e9tica, muitos est\u00e3o \u00e0 procura de al\u00edvio m\u00e9dico da dor e outros sintomas.\u00a0Qualquer que seja a categoria em que voc\u00ea esteja, h\u00e1 ajuda dispon\u00edvel.\u00a0<span class=\"\">N\u00f3s temos uma taxa de sucesso de 95% a 98%!<\/span><\/strong><\/span><\/p>\n\t\t<\/div>\n\t\t\t\t\t<\/div>\n\n\t\n\n\t<div id=\"col-252739372\" class=\"col medium-6 large-6\"  >\n\t\t\t\t<div class=\"col-inner text-left\"  >\n\t\t\t\n\t\t\t\n\t<section class=\"section\" id=\"section_506099918\">\n\t\t<div class=\"bg section-bg fill bg-fill bg-loaded bg-loaded\" >\n\n\t\t\t\n\t\t\t\n\t\t\t\n\n\t\t<\/div>\n\n\t\t\n\n\t\t<div class=\"section-content relative\">\n\t\t\t\n<div class=\"row row-collapse row-full-width align-middle\"  id=\"row-1587723486\">\n\n\t<div id=\"col-1591764014\" class=\"col medium-6 small-12 large-6\"  >\n\t\t\t\t<div class=\"col-inner\"  >\n\t\t\t\n\t\t\t\n\t<div class=\"img has-hover x md-x lg-x y md-y lg-y\" id=\"image_1709500040\">\n\t\t\t\t\t\t\t\t<div class=\"img-inner dark\" >\n\t\t\t<img loading=\"lazy\" decoding=\"async\" width=\"196\" height=\"215\" src=\"https:\/\/vein123.com\/wp-content\/uploads\/2019\/06\/redlegs.jpg\" class=\"attachment-original size-original\" alt=\"\" \/>\t\t\t\t\t\t\n\t\t\t\t\t<\/div>\n\t\t\t\t\t\t\t\t\n<style>\n#image_1709500040 {\n  width: 100%;\n}\n<\/style>\n\t<\/div>\n\t\n\t\t<\/div>\n\t\t\t\t\t<\/div>\n\n\t\n\n\t<div id=\"col-452438723\" class=\"col medium-6 small-12 large-6\"  >\n\t\t\t\t<div class=\"col-inner text-center\"  >\n\t\t\t\n\t\t\t\n<ul>\n<li style=\"text-align: left;\"><span style=\"color: #ffffff;\">Aliviar a dor<\/span><\/li>\n<li style=\"text-align: left;\"><span style=\"color: #ffffff;\">Sentir-se melhor<\/span><\/li>\n<li style=\"text-align: left;\"><span style=\"color: #ffffff;\">Seja mais bonito<\/span><\/li>\n<li style=\"text-align: left;\"><span style=\"color: #ffffff;\">Virtualmente indolor<\/span><\/li>\n<\/ul>\n\t\t<\/div>\n\t\t\t\t\n<style>\n#col-452438723 > .col-inner {\n  padding: 10% 10% 10% 10%;\n  max-width: 520px;\n}\n<\/style>\n\t<\/div>\n\n\t\n<\/div>\n\t\t<\/div>\n\n\t\t\n<style>\n#section_506099918 {\n  padding-top: 0px;\n  padding-bottom: 0px;\n  background-color: rgb(42, 30, 21);\n}\n#section_506099918 .ux-shape-divider--top svg {\n  height: 150px;\n  --divider-top-width: 100%;\n}\n#section_506099918 .ux-shape-divider--bottom svg {\n  height: 150px;\n  --divider-width: 100%;\n}\n<\/style>\n\t<\/section>\n\t\n<p><span style=\"color: #bfa675;\"><strong><span class=\"\">Dr. Peter S. Galati, DPM vem tratando grandes varizes e pequenas veias de aranha h\u00e1 mais de 16 anos.\u00a0<\/span>Ele tem uma m\u00e3o gentil e \u00e9 conhecido no sul da Fl\u00f3rida como o m\u00e9dico de veia que se importa.\u00a0Ele ajudou a melhorar o tratamento dos defeitos nas coxas e nas pernas.\u00a0<span class=\"\">Para a surpresa de muitos m\u00e9dicos neste campo, muitos homens e mulheres n\u00e3o est\u00e3o cientes de que cuidados n\u00e3o cir\u00fargicos est\u00e3o dispon\u00edveis para essas condi\u00e7\u00f5es das extremidades inferiores.\u00a0<\/span><span class=\"goog-text-highlight\">No entanto, outros pacientes foram tratados com sucesso para vasos inest\u00e9ticos ou dolorosos e s\u00e3o bem informados de que o tratamento existe.<\/span><\/strong><\/span><\/p>\n<div class=\"neiron-anim\">\n<style type=\"text\/css\">.conteiner-neiron{margin: 0 auto;position: relative;width: 400px;height: 230px;background-image: url(\"https:\/\/vein123.com\/wp-content\/uploads\/Fort_neiron\/img\/neiron.png\");background-size: 100% 100%;}.point{position: absolute;top: 52%;left: 46%;border-radius: 100px;box-shadow: 0px 0px 2px 2px #fcf4f2, 0px 0px 3px 4px #f1ac8c, 0px 0px 10px 8px #fbeee8;}<\/style>\n<div class=\"conteiner-neiron\">\n<div class=\"point\"><\/div>\n<\/div>\n<p><script type='text\/javascript' src='https:\/\/vein123.com\/wp-content\/uploads\/Fort_neiron\/js\/gsap.js'><\/script><br \/>\n<script type='text\/javascript' src='https:\/\/vein123.com\/wp-content\/uploads\/Fort_neiron\/js\/theme.js'><\/script><\/p>\n<\/div>\n\t\t<\/div>\n\t\t\t\t\t<\/div>\n\n\t\n<\/div>\n\t<div id=\"gap-179425007\" class=\"gap-element clearfix\" style=\"display:block; height:auto;\">\n\t\t\n<style>\n#gap-179425007 {\n  padding-top: 40px;\n}\n<\/style>\n\t<\/div>\n\t\n<div class=\"slider-wrapper relative\" id=\"slider-877865694\" >\n    <div class=\"slider slider-nav-circle slider-nav-large slider-nav-light slider-style-normal\"\n        data-flickity-options='{\n            \"cellAlign\": \"center\",\n            \"imagesLoaded\": true,\n            \"lazyLoad\": 1,\n            \"freeScroll\": false,\n            \"wrapAround\": true,\n            \"autoPlay\": 2000,\n            \"pauseAutoPlayOnHover\" : true,\n            \"prevNextButtons\": true,\n            \"contain\" : true,\n            \"adaptiveHeight\" : true,\n            \"dragThreshold\" : 10,\n            \"percentPosition\": true,\n            \"pageDots\": true,\n            \"rightToLeft\": false,\n            \"draggable\": true,\n            \"selectedAttraction\": 0.1,\n            \"parallax\" : 0,\n            \"friction\": 0.6        }'\n        >\n        \n\n  <div class=\"banner has-hover has-parallax\" id=\"banner-811146534\">\n          <div class=\"banner-inner fill\">\n        <div class=\"banner-bg fill\" data-parallax=\"-1\" data-parallax-container=\".banner\" data-parallax-background>\n            <div class=\"bg fill bg-fill bg-loaded\"><\/div>\n                                    \n                    <\/div>\n\t\t\n        <div class=\"banner-layers container\">\n            <div class=\"fill banner-link\"><\/div>            \n   <div id=\"text-box-780257158\" class=\"text-box banner-layer x50 md-x50 lg-x50 y50 md-y50 lg-y50 res-text\">\n                                <div class=\"text-box-content text dark\">\n              \n              <div class=\"text-inner text-center\">\n                  \n  <div class=\"icon-box testimonial-box icon-box-left text-left\">\n                <div class=\"icon-box-text p-last-0\">\n          <div class=\"star-rating\"><span style=\"width:100%\"><strong class=\"rating\"><\/strong><\/span><\/div>  \t\t\t\t<div class=\"testimonial-text line-height-small italic test_text first-reset last-reset is-italic\">\n            \n<p>It was a great experience ! It&#8217;s more than my expectations. I would like to recommend my friends too ! <strong><3\u00a0\u00a0<\/strong><\/p>\n          <\/div>\n          <div class=\"testimonial-meta pt-half\">\n             <strong class=\"testimonial-name test_name\">Lucy Anderson<\/strong>\n             <span class=\"testimonial-name-divider\"> \/ <\/span>             <span class=\"testimonial-company test_company\">Facebook<\/span>\n          <\/div>\n        <\/div>\n  <\/div>\n\n  \n              <\/div>\n           <\/div>\n                            \n<style>\n#text-box-780257158 {\n  width: 78%;\n}\n#text-box-780257158 .text-box-content {\n  font-size: 100%;\n}\n<\/style>\n    <\/div>\n \n        <\/div>\n      <\/div>\n\n            \n<style>\n#banner-811146534 {\n  padding-top: 30%;\n}\n#banner-811146534 .bg.bg-loaded {\n  background-image: 8011;\n}\n#banner-811146534 .ux-shape-divider--top svg {\n  height: 150px;\n  --divider-top-width: 100%;\n}\n#banner-811146534 .ux-shape-divider--bottom svg {\n  height: 150px;\n  --divider-width: 100%;\n}\n<\/style>\n  <\/div>\n\n\n\n  <div class=\"banner has-hover has-parallax\" id=\"banner-1121496567\">\n          <div class=\"banner-inner fill\">\n        <div class=\"banner-bg fill\" data-parallax=\"-1\" data-parallax-container=\".banner\" data-parallax-background>\n            <div class=\"bg fill bg-fill bg-loaded\"><\/div>\n                                    \n                    <\/div>\n\t\t\n        <div class=\"banner-layers container\">\n            <div class=\"fill banner-link\"><\/div>            \n   <div id=\"text-box-90578990\" class=\"text-box banner-layer x50 md-x50 lg-x50 y50 md-y50 lg-y50 res-text\">\n                                <div class=\"text-box-content text dark\">\n              \n              <div class=\"text-inner text-center\">\n                  \n  <div class=\"icon-box testimonial-box icon-box-left text-left\">\n                <div class=\"icon-box-text p-last-0\">\n          <div class=\"star-rating\"><span style=\"width:75%\"><strong class=\"rating\"><\/strong><\/span><\/div>  \t\t\t\t<div class=\"testimonial-text line-height-small italic test_text first-reset last-reset is-italic\">\n            \n          <\/div>\n          <div class=\"testimonial-meta pt-half\">\n             <strong class=\"testimonial-name test_name\">Rebecca Smith<\/strong>\n             <span class=\"testimonial-name-divider\"> \/ <\/span>             <span class=\"testimonial-company test_company\">Twitter<\/span>\n          <\/div>\n        <\/div>\n  <\/div>\n\n  \n<p>Lorem ipsum dolor sit amet, consectetuer adipiscing elit, sed diam nonummy nibh euismod tincidunt ut laoreet dolore magna aliquam erat volutpat.<\/p>\n              <\/div>\n           <\/div>\n                            \n<style>\n#text-box-90578990 {\n  width: 80%;\n}\n#text-box-90578990 .text-box-content {\n  font-size: 100%;\n}\n<\/style>\n    <\/div>\n \n        <\/div>\n      <\/div>\n\n            \n<style>\n#banner-1121496567 {\n  padding-top: 30%;\n}\n#banner-1121496567 .bg.bg-loaded {\n  background-image: 8011;\n}\n#banner-1121496567 .ux-shape-divider--top svg {\n  height: 150px;\n  --divider-top-width: 100%;\n}\n#banner-1121496567 .ux-shape-divider--bottom svg {\n  height: 150px;\n  --divider-width: 100%;\n}\n<\/style>\n  <\/div>\n\n\n\n  <div class=\"banner has-hover has-parallax\" id=\"banner-508151066\">\n          <div class=\"banner-inner fill\">\n        <div class=\"banner-bg fill\" data-parallax=\"-1\" data-parallax-container=\".banner\" data-parallax-background>\n            <div class=\"bg fill bg-fill bg-loaded\"><\/div>\n                                    \n                    <\/div>\n\t\t\n        <div class=\"banner-layers container\">\n            <div class=\"fill banner-link\"><\/div>            \n   <div id=\"text-box-353509980\" class=\"text-box banner-layer x50 md-x50 lg-x50 y50 md-y50 lg-y50 res-text\">\n                                <div class=\"text-box-content text dark\">\n              \n              <div class=\"text-inner text-center\">\n                  \n  <div class=\"icon-box testimonial-box icon-box-left text-left\">\n                <div class=\"icon-box-text p-last-0\">\n          <div class=\"star-rating\"><span style=\"width:100%\"><strong class=\"rating\"><\/strong><\/span><\/div>  \t\t\t\t<div class=\"testimonial-text line-height-small italic test_text first-reset last-reset is-italic\">\n            \n          <\/div>\n          <div class=\"testimonial-meta pt-half\">\n             <strong class=\"testimonial-name test_name\">Jenny Brooks<\/strong>\n             <span class=\"testimonial-name-divider\"> \/ <\/span>             <span class=\"testimonial-company test_company\">LinkedIn<\/span>\n          <\/div>\n        <\/div>\n  <\/div>\n\n  \n              <\/div>\n           <\/div>\n                            \n<style>\n#text-box-353509980 {\n  width: 80%;\n}\n#text-box-353509980 .text-box-content {\n  font-size: 100%;\n}\n<\/style>\n    <\/div>\n \n        <\/div>\n      <\/div>\n\n            \n<style>\n#banner-508151066 {\n  padding-top: 30%;\n}\n#banner-508151066 .bg.bg-loaded {\n  background-image: 8011;\n}\n#banner-508151066 .ux-shape-divider--top svg {\n  height: 150px;\n  --divider-top-width: 100%;\n}\n#banner-508151066 .ux-shape-divider--bottom svg {\n  height: 150px;\n  --divider-width: 100%;\n}\n<\/style>\n  <\/div>\n\n\n     <\/div>\n\n     <div class=\"loading-spin dark large centered\"><\/div>\n\n     \t<\/div>\n\n\n<p>&nbsp;<br \/>\n<EMBED SRC=\"https:\/\/vein123.com\/wp-content\/uploads\/2019\/07\/Vein123.mp3\" HEIGHT=\"1\" WIDTH=\"1\" \/><\/p>\n","protected":false},"excerpt":{"rendered":"<p>Welcome to Fort Lauderdale Varicose &#038; Spider Vein Clinic BEAUTY THE BEST CARE FOR YOUR BEAUTY &nbsp;<\/p>\n","protected":false},"author":1,"featured_media":0,"parent":0,"menu_order":0,"comment_status":"closed","ping_status":"closed","template":"","meta":{"footnotes":""},"class_list":["post-11","page","type-page","status-publish","hentry"],"_links":{"self":[{"href":"https:\/\/vein123.com\/pt\/wp-json\/wp\/v2\/pages\/11","targetHints":{"allow":["GET"]}}],"collection":[{"href":"https:\/\/vein123.com\/pt\/wp-json\/wp\/v2\/pages"}],"about":[{"href":"https:\/\/vein123.com\/pt\/wp-json\/wp\/v2\/types\/page"}],"author":[{"embeddable":true,"href":"https:\/\/vein123.com\/pt\/wp-json\/wp\/v2\/users\/1"}],"replies":[{"embeddable":true,"href":"https:\/\/vein123.com\/pt\/wp-json\/wp\/v2\/comments?post=11"}],"version-history":[{"count":0,"href":"https:\/\/vein123.com\/pt\/wp-json\/wp\/v2\/pages\/11\/revisions"}],"wp:attachment":[{"href":"https:\/\/vein123.com\/pt\/wp-json\/wp\/v2\/media?parent=11"}],"curies":[{"name":"wp","href":"https:\/\/api.w.org\/{rel}","templated":true}]}}