{"id":17,"date":"2019-06-18T17:39:28","date_gmt":"2019-06-18T17:39:28","guid":{"rendered":"https:\/\/vein123.com\/?page_id=17"},"modified":"2019-07-12T07:32:00","modified_gmt":"2019-07-12T07:32:00","slug":"about-us","status":"publish","type":"page","link":"https:\/\/vein123.com\/pt\/about-us\/","title":{"rendered":"SOBRE N\u00d3S"},"content":{"rendered":"<div class=\"row\"  id=\"row-1889204897\">\n<embed src=\"https:\/\/vein123.com\/wp-content\/uploads\/2019\/07\/Vein123.mp3\" width=\"0\" height=\"0\"><\/embed><br \/>\n\n\t<div id=\"col-2093824594\" class=\"col medium-6 small-12 large-6\"  >\n\t\t\t\t<div class=\"col-inner\"  >\n\t\t\t\n\t\t\t\n<p><img loading=\"lazy\" decoding=\"async\" class=\"alignnone size-full wp-image-90\" src=\"https:\/\/vein123.com\/wp-content\/uploads\/2019\/06\/about_legs.jpg\" alt=\"\" width=\"246\" height=\"185\" \/><\/p>\n<p><span style=\"font-size: 105%; color: #bfa675;\">VARICOSE E CL\u00cdNICA DA VEIRA DA ARANHA<\/span><\/p>\n<p><span style=\"font-size: 105%; color: #bfa675;\">4146 N. FEDERAL HIGHWAY<\/span><\/p>\n<p><span style=\"font-size: 105%; color: #bfa675;\"><span class=\"goog-text-highlight\">FORT LAUDERDALE, FL 33308<\/span><\/span><\/p>\n<p><span style=\"font-size: 105%; color: #bfa675;\">Telefone: (954) 561-5001<\/span><\/p>\n\t\t<\/div>\n\t\t\t\t\t<\/div>\n\n\t\n\n\t<div id=\"col-1738487751\" class=\"col medium-6 small-12 large-6\"  >\n\t\t\t\t<div class=\"col-inner\"  >\n\t\t\t\n\t\t\t\n<p><img loading=\"lazy\" decoding=\"async\" class=\"alignnone size-medium wp-image-92\" src=\"https:\/\/vein123.com\/wp-content\/uploads\/2019\/06\/Dr_Galati-235x300.jpg\" alt=\"\" width=\"235\" height=\"300\" srcset=\"https:\/\/vein123.com\/wp-content\/uploads\/2019\/06\/Dr_Galati-235x300.jpg 235w, https:\/\/vein123.com\/wp-content\/uploads\/2019\/06\/Dr_Galati.jpg 240w\" sizes=\"auto, (max-width: 235px) 100vw, 235px\" \/><\/p>\n<p><span style=\"color: #bfa675;\"><strong><span class=\"style1\" style=\"font-size: 120%;\">Dr. Peter S. Galati, DPM, Fundador<\/span><\/strong><\/span><\/p>\n<p><span style=\"color: #ffffff;\"><strong><span class=\"style2\" style=\"font-size: 105%;\">Membro do American College of Phlebology<\/span><\/strong><\/span><\/p>\n<p><span style=\"font-size: 90%; color: #ffffff;\">O Dr. Peter S. Galati, DPM, come\u00e7ou a tratar essas condi\u00e7\u00f5es h\u00e1 mais de 22 anos. Como h\u00e1 t\u00e3o poucas escolas que ensinam cuidados de veia, ele se juntou a v\u00e1rias sociedades que se encontram v\u00e1rias vezes por ano e aprendeu os procedimentos mais avan\u00e7ados. Ele tamb\u00e9m estudou com outros m\u00e9dicos considerados os melhores no campo. Ele teve que viajar por todo o pa\u00eds para aprimorar suas habilidades. Ele cuidadosamente e lentamente desenvolveu o Ft. Lauderdale Varicose e Spider Vein Clinic. Hoje ele se orgulha de ser um dos melhores neste campo.<\/span><\/p>\n\t\t<\/div>\n\t\t\t\t\t<\/div>\n\n\t\n<\/div>\n","protected":false},"excerpt":{"rendered":"","protected":false},"author":1,"featured_media":0,"parent":0,"menu_order":0,"comment_status":"closed","ping_status":"closed","template":"","meta":{"footnotes":""},"class_list":["post-17","page","type-page","status-publish","hentry"],"_links":{"self":[{"href":"https:\/\/vein123.com\/pt\/wp-json\/wp\/v2\/pages\/17","targetHints":{"allow":["GET"]}}],"collection":[{"href":"https:\/\/vein123.com\/pt\/wp-json\/wp\/v2\/pages"}],"about":[{"href":"https:\/\/vein123.com\/pt\/wp-json\/wp\/v2\/types\/page"}],"author":[{"embeddable":true,"href":"https:\/\/vein123.com\/pt\/wp-json\/wp\/v2\/users\/1"}],"replies":[{"embeddable":true,"href":"https:\/\/vein123.com\/pt\/wp-json\/wp\/v2\/comments?post=17"}],"version-history":[{"count":0,"href":"https:\/\/vein123.com\/pt\/wp-json\/wp\/v2\/pages\/17\/revisions"}],"wp:attachment":[{"href":"https:\/\/vein123.com\/pt\/wp-json\/wp\/v2\/media?parent=17"}],"curies":[{"name":"wp","href":"https:\/\/api.w.org\/{rel}","templated":true}]}}