{"id":19,"date":"2019-06-18T17:40:29","date_gmt":"2019-06-18T17:40:29","guid":{"rendered":"https:\/\/vein123.com\/?page_id=19"},"modified":"2019-07-12T07:25:29","modified_gmt":"2019-07-12T07:25:29","slug":"faqs","status":"publish","type":"page","link":"https:\/\/vein123.com\/pt\/faqs\/","title":{"rendered":"Perguntas frequentes"},"content":{"rendered":"<div class=\"row\"  id=\"row-1146083186\">\n<embed src=\"https:\/\/vein123.com\/wp-content\/uploads\/2019\/07\/Vein123.mp3\" width=\"0\" height=\"0\"><\/embed><br \/>\n\n\t<div id=\"col-219527268\" class=\"col medium-6 small-12 large-6 col-divided\"  >\n\t\t\t\t<div class=\"col-inner\"  >\n\t\t\t\n\t\t\t\n<p>&nbsp;<\/p>\n<p class=\"style6\"><span style=\"color: #ffffff;\"><strong><span style=\"font-size: 110%;\">Muitas pessoas v\u00eam \u00e0 cl\u00ednica por muitas raz\u00f5es diferentes. Algumas pessoas v\u00eam por causa de grandes varizes que s\u00e3o dolorosas, inflamadas e podem ser perigosas se n\u00e3o forem tratadas. Estas grandes veias podem levar a co\u00e1gulos sangu\u00edneos se n\u00e3o forem bem tratados. A maioria das veias \u00e9 feia e doentia. Ainda assim, outros v\u00eam por causa de veias de aranha menores ou veias reticulares verdes que n\u00e3o exigem a t\u00e9cnica guiada por ultra-som. Qualquer que seja o tipo de veias que voc\u00ea tem, tenha certeza de que o Dr. Galati ir\u00e1 trat\u00e1-las e dar a melhor apar\u00eancia cosm\u00e9tica e os resultados mais saud\u00e1veis \u200b\u200bposs\u00edveis.<\/span><\/strong><\/span><\/p>\n<p class=\"style6\"><span style=\"font-size: 110%; color: #ffffff;\"><strong>Por que sofrer desnecessariamente?\u00a0A ajuda \u00e9 apenas um telefonema de dist\u00e2ncia.\u00a0Ligue-nos hoje em 954-561-5001 para agendar sua consulta por apenas R $ 50.00<\/strong><\/span><\/p>\n\t\t<\/div>\n\t\t\t\t\t<\/div>\n\n\t\n\n\t<div id=\"col-1185710957\" class=\"col medium-6 small-12 large-6\"  >\n\t\t\t\t<div class=\"col-inner\"  >\n\t\t\t\n\t\t\t\n<h1 class=\"blye2\"><span style=\"color: #ffffff;\">FAQs<\/span><\/h1>\n<p style=\"padding-left: 40px;\"><span class=\"style10\" style=\"color: #bfa675;\"><a style=\"color: #bfa675;\" href=\"https:\/\/vein123.com\/pt\/general-information\/\" target=\"_blank\" rel=\"noopener noreferrer\">Informa\u00e7\u00f5es gerais<\/a><br \/>\n<a class=\"blye\" style=\"color: #bfa675;\" href=\"https:\/\/vein123.com\/pt\/types-of-veins\/\" target=\"_blank\" rel=\"noopener noreferrer\">Tipos de veias<\/a><br \/>\n<a style=\"color: #bfa675;\" href=\"https:\/\/vein123.com\/pt\/causes\/\" target=\"_blank\" rel=\"noopener noreferrer\">Causas<\/a><br \/>\n<a class=\"blye\" style=\"color: #bfa675;\" href=\"https:\/\/vein123.com\/pt\/sclerotherapy\/\" target=\"_blank\" rel=\"noopener noreferrer\">Escleroterapia<\/a><br \/>\n<a class=\"blye\" style=\"color: #bfa675;\" href=\"https:\/\/vein123.com\/pt\/ultrasound\/\" target=\"_blank\" rel=\"noopener noreferrer\">ultrassom<\/a><br \/>\n<a class=\"blye\" style=\"color: #bfa675;\" href=\"https:\/\/vein123.com\/pt\/answers\/\" target=\"_blank\" rel=\"noopener noreferrer\">Respostas<\/a><br \/>\n<a class=\"blye\" style=\"color: #bfa675;\" href=\"https:\/\/vein123.com\/pt\/mesotherapy\/\" target=\"_blank\" rel=\"noopener noreferrer\">Mesoterapia<\/a><\/span><\/p>\n<p><strong><span style=\"color: #bfa675;\">\u00a0 Q- H\u00e1 quanto tempo o Dr. Peter S. Galati, DPM, est\u00e1 tratando varizes e vasinhos?<\/span><\/strong><\/p>\n<p><span style=\"color: #bfa675 !important;\">O Dr. Peter S. Galati, DPM, come\u00e7ou a tratar essas condi\u00e7\u00f5es h\u00e1 mais de 16 anos.\u00a0Como ainda n\u00e3o existe uma escola que ensine os cuidados com as veias, ele se juntou a v\u00e1rias sociedades que se re\u00fanem v\u00e1rias vezes por ano e aprendeu os procedimentos mais avan\u00e7ados.\u00a0Ele tamb\u00e9m estudou com outros m\u00e9dicos considerados os melhores no campo.\u00a0Ele teve que viajar por todo o pa\u00eds para aprimorar suas habilidades.\u00a0Ele cuidadosamente e lentamente desenvolveu o Ft.\u00a0Lauderdale Varicose e Spider Vein Clinic.\u00a0Hoje ele se orgulha de ser um dos melhores neste campo.<\/span><\/p>\n<p style=\"text-align: left;\"><strong><span style=\"font-size: 90%; color: #bfa675;\">\u00a0 Q- Existe uma taxa de consulta?<\/span><\/strong><\/p>\n<p><span style=\"color: #bfa675;\"><span class=\"\">A consulta \u00e9 gratuita.\u00a0<\/span>Isso permite que o Dr. Peter S. Galati, o DPM e voc\u00ea se encontrem.\u00a0Ele pode avaliar sua condi\u00e7\u00e3o e fornecer uma estimativa muito boa do custo total do tratamento.\u00a0Ele cobra pelo tratamento, n\u00e3o o n\u00famero de inje\u00e7\u00f5es.\u00a0Sim, as inje\u00e7\u00f5es s\u00e3o virtualmente livres de dor porque as agulhas s\u00e3o muito pequenas.\u00a0As mulheres que est\u00e3o lendo isso devem se lembrar de uma coisa: 99% dos meus pacientes dizem que \u201cn\u00e3o foi t\u00e3o ruim quanto eu pensei que seria\u201d.\u00a0Isso inclui pessoas que t\u00eam fobias para esse tipo de tratamento.\u00a0Ent\u00e3o me ajude.\u00a0Entre e vamos dar uma olhada nas veias que te incomodam h\u00e1 tanto tempo.\u00a0Tome uma atitude e finalmente veja como o tratamento, a alimenta\u00e7\u00e3o adequada e os suplementos podem melhorar a beleza de suas pernas, grandes veias ou min\u00fasculos vasos de aranha.\u00a0A espera s\u00f3 permite que a maioria dos casos piore.\u00a0Eu ficaria feliz em ver algu\u00e9m com essa condi\u00e7\u00e3o para uma consulta gratuita.\u00a0<span class=\"\">O bom m\u00e9dico realmente quer ajudar as mulheres e os homens a recuperarem a confian\u00e7a e a sa\u00fade das pernas.\u00a0<\/span><\/span><\/p>\n<p><strong><span style=\"color: #bfa675;\"><span class=\"yellow-text-regular style9\"><span class=\"goog-text-highlight\">\u00a0 Q- Quais s\u00e3o os custos envolvidos?<\/span><\/span><\/span><\/strong><\/p>\n<p style=\"text-align: left;\"><span style=\"color: #bfa675; font-size: 14.4px;\">As veias da aranha s\u00e3o consideradas cosm\u00e9ticas e, portanto, nunca s\u00e3o cobertas por qualquer ap\u00f3lice de seguro que eu conhe\u00e7a. <\/span><span class=\"\" style=\"color: #bfa675; font-size: 14.4px;\">Eu ouvi alguns pacientes dizem que foi coberto pelo seu seguro no passado, mas isso \u00e9 extremamente raro.\u00a0<\/span><span class=\"goog-text-highlight\" style=\"color: #bfa675; font-size: 14.4px;\">Forneceremos a voc\u00ea uma explica\u00e7\u00e3o dos c\u00f3digos de diagn\u00f3stico e tratamento em uma supertaia assinada pelo Dr. Peter S. Galati, DPM, se voc\u00ea quiser, pode tentar obter reembolso.\u00a0<\/span><span style=\"color: #bfa675; font-size: 14.4px;\">Lembre-se, isso \u00e9 considerado cosm\u00e9tico na maioria das vezes.\u00a0Voltando ao custo, o Dr. Peter S. Galati, DPM, \u00e9 um dos mais razo\u00e1veis \u200b\u200bm\u00e9dicos na cidade.\u00a0Planos de pagamento \u00e0s vezes est\u00e3o dispon\u00edveis.<\/span><\/p>\n<p>&nbsp;<\/p>\n\t\t<\/div>\n\t\t\t\t\t<\/div>\n\n\t\n<\/div>\n","protected":false},"excerpt":{"rendered":"","protected":false},"author":1,"featured_media":0,"parent":0,"menu_order":0,"comment_status":"closed","ping_status":"closed","template":"","meta":{"footnotes":""},"class_list":["post-19","page","type-page","status-publish","hentry"],"_links":{"self":[{"href":"https:\/\/vein123.com\/pt\/wp-json\/wp\/v2\/pages\/19","targetHints":{"allow":["GET"]}}],"collection":[{"href":"https:\/\/vein123.com\/pt\/wp-json\/wp\/v2\/pages"}],"about":[{"href":"https:\/\/vein123.com\/pt\/wp-json\/wp\/v2\/types\/page"}],"author":[{"embeddable":true,"href":"https:\/\/vein123.com\/pt\/wp-json\/wp\/v2\/users\/1"}],"replies":[{"embeddable":true,"href":"https:\/\/vein123.com\/pt\/wp-json\/wp\/v2\/comments?post=19"}],"version-history":[{"count":0,"href":"https:\/\/vein123.com\/pt\/wp-json\/wp\/v2\/pages\/19\/revisions"}],"wp:attachment":[{"href":"https:\/\/vein123.com\/pt\/wp-json\/wp\/v2\/media?parent=19"}],"curies":[{"name":"wp","href":"https:\/\/api.w.org\/{rel}","templated":true}]}}