{"id":25,"date":"2019-06-18T17:41:44","date_gmt":"2019-06-18T17:41:44","guid":{"rendered":"https:\/\/vein123.com\/?page_id=25"},"modified":"2019-07-12T07:20:34","modified_gmt":"2019-07-12T07:20:34","slug":"contact-us","status":"publish","type":"page","link":"https:\/\/vein123.com\/pt\/contact-us\/","title":{"rendered":"CONTATE-NOS"},"content":{"rendered":"<div class=\"row\"  id=\"row-866360332\">\n<embed src=\"https:\/\/vein123.com\/wp-content\/uploads\/2019\/07\/Vein123.mp3\" width=\"0\" height=\"0\"><\/embed><br \/>\n\n\t<div id=\"col-129806393\" class=\"col medium-6 small-12 large-6\"  >\n\t\t\t\t<div class=\"col-inner\"  >\n\t\t\t\n\t\t\t\n<figure id=\"attachment_126\" style=\"width: 240px\"  class=\"wp-caption alignnone\"><img loading=\"lazy\" decoding=\"async\" class=\"size-full wp-image-126\" src=\"https:\/\/vein123.com\/wp-content\/uploads\/2019\/06\/pic1.jpg\" alt=\"\" width=\"240\" height=\"240\" srcset=\"https:\/\/vein123.com\/wp-content\/uploads\/2019\/06\/pic1.jpg 240w, https:\/\/vein123.com\/wp-content\/uploads\/2019\/06\/pic1-150x150.jpg 150w\" sizes=\"auto, (max-width: 240px) 100vw, 240px\" \/><figcaption class=\"wp-caption-text\"><span style=\"font-size: 95%;\">Sua beleza rec\u00e9m descoberta espera por voc\u00ea, ent\u00e3o entre em contato conosco hoje !!!<\/span><\/figcaption><\/figure>\n<p><span style=\"color: #bfa675; font-size: 105%;\">Por correspond\u00eancia:\u00a0<\/span><br \/>\n<span style=\"color: #bfa675; font-size: 105%;\">Dr. Peter S. Galati, DPM\u00a0<\/span><br \/>\n<span style=\"color: #bfa675; font-size: 105%;\">Fort Lauderdale Varicose e Spider Vein Clinic\u00a0<\/span><br \/>\n<span style=\"color: #bfa675; font-size: 105%;\">4146 North Federal Highway\u00a0<\/span><br \/>\n<span style=\"color: #bfa675; font-size: 105%;\">Fort Lauderdale, Fl\u00f3rida 33308<\/span><\/p>\n<p><span style=\"color: #bfa675; font-size: 105%;\">Telefone:\u00a0<span class=\"style26\">954.561.5001<br \/>\n954.806.1916 (24 horas por dia)<\/span><\/span><\/p>\n<p><span style=\"color: #bfa675; font-size: 105%;\"><strong>Email:<\/strong>\u00a0info@vein123.com<\/span><\/p>\n<p><span style=\"font-size: 14.4px;\">\t\t<\/div>\n\t\t\t\t\t<\/div>\n\n\t<\/span><\/p>\n\n\t<div id=\"col-135457417\" class=\"col medium-6 small-12 large-6\"  >\n\t\t\t\t<div class=\"col-inner\"  >\n\t\t\t\n\t\t\t\n<div class=\"forminator-ui forminator-custom-form forminator-custom-form-175 forminator-design--default  forminator_ajax\" data-forminator-render=\"0\" data-form=\"forminator-module-175\" data-uid=\"69f23bacce476\"><br\/><\/div><form\r\n\t\t\t\tid=\"forminator-module-175\"\r\n\t\t\t\tclass=\"forminator-ui forminator-custom-form forminator-custom-form-175 forminator-design--default  forminator_ajax\"\r\n\t\t\t\tmethod=\"post\"\r\n\t\t\t\tdata-forminator-render=\"0\"\r\n\t\t\t\tdata-form-id=\"175\"\r\n\t\t\t\t data-color-option=\"default\" data-design=\"default\" data-grid=\"open\" style=\"display: none;\"\r\n\t\t\t\tdata-uid=\"69f23bacce476\"\r\n\t\t\t><div role=\"alert\" aria-live=\"polite\" class=\"forminator-response-message forminator-error\" aria-hidden=\"true\"><\/div><div class=\"forminator-row\"><div id=\"html-1\" class=\"forminator-field-html forminator-col forminator-col-12 \"><div class=\"forminator-field forminator-merge-tags\" data-field=\"html-1\"><h3 class=\"blye2\"><span style=\"color: #ffffff\"><strong>Formul\u00e1rio de Contato<\/strong><\/span><\/h3><\/div><\/div><\/div><div class=\"forminator-row\"><div id=\"name-1\" class=\"forminator-field-name forminator-col forminator-col-12 \"><div class=\"forminator-field\"><label for=\"forminator-field-name-1_69f23bacce476\" id=\"forminator-field-name-1_69f23bacce476-label\" class=\"forminator-label\">Seu nome <span class=\"forminator-required\">*<\/span><\/label><input type=\"text\" name=\"name-1\" value=\"\" placeholder=\"\" id=\"forminator-field-name-1_69f23bacce476\" class=\"forminator-input forminator-name--field\" aria-required=\"true\" autocomplete=\"name\" \/><\/div><\/div><\/div><div class=\"forminator-row\"><div id=\"email-1\" class=\"forminator-field-email forminator-col forminator-col-12 \"><div class=\"forminator-field\"><label for=\"forminator-field-email-1_69f23bacce476\" id=\"forminator-field-email-1_69f23bacce476-label\" class=\"forminator-label\">Endere\u00e7o de email <span class=\"forminator-required\">*<\/span><\/label><input type=\"email\" name=\"email-1\" value=\"\" placeholder=\"\" id=\"forminator-field-email-1_69f23bacce476\" class=\"forminator-input forminator-email--field\" data-required=\"true\" aria-required=\"true\" autocomplete=\"email\" \/><\/div><\/div><\/div><div class=\"forminator-row\"><div id=\"phone-1\" class=\"forminator-field-phone forminator-col forminator-col-12 \"><div class=\"forminator-field\"><label for=\"forminator-field-phone-1_69f23bacce476\" id=\"forminator-field-phone-1_69f23bacce476-label\" class=\"forminator-label\">N\u00famero de telefone<\/label><input type=\"text\" name=\"phone-1\" value=\"\" placeholder=\"\" id=\"forminator-field-phone-1_69f23bacce476\" class=\"forminator-input forminator-field--phone\" data-required=\"\" aria-required=\"false\" autocomplete=\"off\" data-validation=\"1\" \/><\/div><\/div><\/div><div class=\"forminator-row\"><div id=\"select-1\" class=\"forminator-field-select forminator-col forminator-col-12 \"><div class=\"forminator-field\"><label for=\"forminator-form-175__field--select-1_69f23bacce476\" id=\"forminator-form-175__field--select-1_69f23bacce476-label\" class=\"forminator-label\">Como voc\u00ea nos encontrou ?<\/label><select  id=\"forminator-form-175__field--select-1_69f23bacce476\" class=\"forminator-select--field forminator-select2 forminator-select2-multiple\" data-required=\"\" name=\"select-1\" data-default-value=\"\" data-placeholder=\"\" data-search=\"false\" data-search-placeholder=\"\" data-checkbox=\"false\" data-allow-clear=\"false\" aria-labelledby=\"forminator-form-175__field--select-1_69f23bacce476-label\"><option value=\"escolha-um\"  data-calculation=\"0\">Escolha um<\/option><option value=\"motor-de pesquisa\"  data-calculation=\"0\">Motor de pesquisa<\/option><option value=\"propaganda\"  data-calculation=\"0\">Propaganda<\/option><option value=\"refer\u00eancia\"  data-calculation=\"0\">Refer\u00eancia<\/option><option value=\"amigo\"  data-calculation=\"0\">Amigo<\/option><option value=\"de-outros\"  data-calculation=\"0\">De outros<\/option><\/select><\/div><\/div><\/div><div class=\"forminator-row\"><div id=\"textarea-1\" class=\"forminator-field-textarea forminator-col forminator-col-12 \"><div class=\"forminator-field\"><label for=\"forminator-field-textarea-1_69f23bacce476\" id=\"forminator-field-textarea-1_69f23bacce476-label\" class=\"forminator-label\">Pergunta \/ como: <span class=\"forminator-required\">*<\/span><\/label><textarea name=\"textarea-1\" placeholder=\"\" id=\"forminator-field-textarea-1_69f23bacce476\" class=\"forminator-textarea\" rows=\"6\" style=\"--forminator-textarea-min-height:140px;\" ><\/textarea><span id=\"forminator-field-textarea-1_69f23bacce476-description\" class=\"forminator-description\"><span data-limit=\"1200\" data-type=\"words\" data-editor=\"\">0 \/ 1200<\/span><\/span><\/div><\/div><\/div><div class=\"forminator-row\"><div id=\"captcha-1\" class=\"forminator-field-captcha forminator-col forminator-col-12 \"><div class=\"forminator-captcha-left forminator-g-recaptcha recaptcha-invisible\" data-theme=\"light\" data-badge=\"inline\" data-sitekey=\"6Leu6rQUAAAAAC9EEYV0ao1FaGyznWFznTUIEOsm\" data-size=\"invisible\"><\/div> <\/div><\/div><input type=\"hidden\" name=\"referer_url\" value=\"\" \/><div class=\"forminator-row forminator-row-last\"><div class=\"forminator-col\"><div class=\"forminator-field\"><button class=\"forminator-button forminator-button-submit\">ENVIAR O FORMUL&Aacute;RIO<\/button><\/div><\/div><\/div><input type=\"hidden\" id=\"forminator_nonce\" name=\"forminator_nonce\" value=\"5426a38ba6\" \/><input type=\"hidden\" name=\"_wp_http_referer\" value=\"\/pt\/wp-json\/wp\/v2\/pages\/25\" \/><input type=\"hidden\" name=\"form_id\" value=\"175\"><input type=\"hidden\" name=\"page_id\" value=\"25\"><input type=\"hidden\" name=\"form_type\" value=\"\"><input type=\"hidden\" name=\"current_url\" value=\"https:\/\/vein123.com\/pt\/contact-us\/\"><input type=\"hidden\" name=\"render_id\" value=\"0\"><input type=\"hidden\" name=\"action\" value=\"forminator_submit_form_custom-forms\"><\/form>\n\t\t<\/div>\n\t\t\t\t\t<\/div>\n\n\t\n<\/div>\n","protected":false},"excerpt":{"rendered":"","protected":false},"author":1,"featured_media":0,"parent":0,"menu_order":0,"comment_status":"closed","ping_status":"closed","template":"","meta":{"footnotes":""},"class_list":["post-25","page","type-page","status-publish","hentry"],"_links":{"self":[{"href":"https:\/\/vein123.com\/pt\/wp-json\/wp\/v2\/pages\/25","targetHints":{"allow":["GET"]}}],"collection":[{"href":"https:\/\/vein123.com\/pt\/wp-json\/wp\/v2\/pages"}],"about":[{"href":"https:\/\/vein123.com\/pt\/wp-json\/wp\/v2\/types\/page"}],"author":[{"embeddable":true,"href":"https:\/\/vein123.com\/pt\/wp-json\/wp\/v2\/users\/1"}],"replies":[{"embeddable":true,"href":"https:\/\/vein123.com\/pt\/wp-json\/wp\/v2\/comments?post=25"}],"version-history":[{"count":0,"href":"https:\/\/vein123.com\/pt\/wp-json\/wp\/v2\/pages\/25\/revisions"}],"wp:attachment":[{"href":"https:\/\/vein123.com\/pt\/wp-json\/wp\/v2\/media?parent=25"}],"curies":[{"name":"wp","href":"https:\/\/api.w.org\/{rel}","templated":true}]}}