{"id":284,"date":"2019-07-02T03:57:55","date_gmt":"2019-07-02T03:57:55","guid":{"rendered":"https:\/\/vein123.com\/en\/?page_id=284"},"modified":"2019-07-11T17:01:50","modified_gmt":"2019-07-11T17:01:50","slug":"general-information","status":"publish","type":"page","link":"https:\/\/vein123.com\/pt\/general-information\/","title":{"rendered":"Informa\u00e7\u00f5es gerais"},"content":{"rendered":"<div class=\"row\"  id=\"row-1680673739\">\n\n\t<div id=\"col-2078976928\" class=\"col medium-4 small-12 large-4\"  >\n\t\t\t\t<div class=\"col-inner\"  >\n\t\t\t\n\t\t\t\n<p><strong><span style=\"text-decoration: underline;\"><span style=\"font-size: 120%;\">Cl\u00ednica de veias varicosas e aranha de Fort Lauderdale<\/span><\/span><\/strong><\/p>\n<p>O Dr. Galati vem tratando grandes varizes e pequenas veias de aranha h\u00e1 mais de 12 anos. Ele tem uma m\u00e3o gentil e \u00e9 conhecido no sul da Fl\u00f3rida como o m\u00e9dico de veia que se importa. Ele ajudou a melhorar o tratamento dos defeitos nas coxas e nas pernas. Para a surpresa de muitos m\u00e9dicos neste campo, muitos homens e mulheres n\u00e3o est\u00e3o cientes de que cuidados n\u00e3o cir\u00fargicos est\u00e3o dispon\u00edveis para essas condi\u00e7\u00f5es das extremidades inferiores. No entanto, outros pacientes foram tratados com sucesso para vasos inest\u00e9ticos ou dolorosos e s\u00e3o bem informados de que o tratamento existe.<\/p>\n<p><strong><span style=\"text-decoration: underline;\"><span style=\"font-size: 120%;\">A hist\u00f3ria<\/span><\/span><\/strong><\/p>\n<p><strong><span style=\"font-size: 105%;\">\u00a0 Escleroterapia<\/span><\/strong><\/p>\n<p><span style=\"font-size: 90%;\">Na d\u00e9cada de 1940, os franceses e su\u00ed\u00e7os come\u00e7aram a desenvolver um regime de tratamento que tratava com seguran\u00e7a os navios de pequeno e m\u00e9dio porte. Eles usaram uma solu\u00e7\u00e3o salina que fez com que essas veias encolhessem e desaparecessem lentamente. Veias maiores ainda eram removidas por cirurgia. N\u00e3o muito tempo depois, um l\u00edquido chamado Sotradecol foi desenvolvido. Originalmente usado como anest\u00e9sico local para procedimentos odontol\u00f3gicos, descobriu-se que ele tinha a capacidade de causar o colapso das grandes veias varicosas e ser absorvido pelo corpo. Este foi um grande passo em frente nesta \u00e1rea de tratamento. Descobriu-se que era um tratamento seguro e virtualmente indolor para algo que atormentava as pessoas h\u00e1 centenas de anos. Esse procedimento \u00e9 chamado Escleroterapia, que significa \u201ccausar uma cicatriz\u201d. A veia cicatrizada \u00e9 ent\u00e3o absorvida pelo corpo e desaparece lentamente..<\/span><\/p>\n\t\t<\/div>\n\t\t\t\t\t<\/div>\n\n\t\n\n\t<div id=\"col-1929232122\" class=\"col medium-4 small-12 large-4\"  >\n\t\t\t\t<div class=\"col-inner\"  >\n\t\t\t\n\t\t\t\n<p style=\"text-align: center;\"><strong><span style=\"font-size: 120%;\">O Sonogram<\/span><\/strong><br \/>\n<span style=\"font-size: 90%;\">Com a revolu\u00e7\u00e3o t\u00e9cnica veio o ultra-som ou sonograma. Eventualmente, os m\u00e9dicos aprenderam a usar o ultra-som para ver veias e art\u00e9rias, al\u00e9m de us\u00e1-lo para ver o feto em gesta\u00e7\u00e3o e estruturas corporais mais profundas. Juntamente com medica\u00e7\u00e3o avan\u00e7ada usada para remover as veias, o tratamento deu outro grande passo \u00e0 frente. Os m\u00e9dicos agora podem direcionar veias mais profundas e doentes. Eles poderiam encolher as veias que estavam causando os problemas vistos na superf\u00edcie da pele. Removendo estas veias n\u00e3o s\u00f3 deu um bom resultado cosm\u00e9tico, tirando a apar\u00eancia de veias feias, mas tamb\u00e9m melhorou o sistema circulat\u00f3rio, direcionando o fluxo sangu\u00edneo para vasos saud\u00e1veis.<\/span><br \/>\n<strong><span style=\"font-size: 120%;\">EVLT<\/span><\/strong><br \/>\n<span style=\"font-size: 90%;\">O tratamento com laser endovenoso (EVLT) \u00e9 um procedimento no qual uma linha de fibra \u00f3ptica \u00e9 colocada em veias varicosas muito grandes. Este \u00e9 o tratamento mais avan\u00e7ado de todos e come\u00e7ou a ser usado extensivamente em 2004. Ele \u00e9 usado para tratar veias muito grandes e salientes e \u00e9 feito inteiramente no consult\u00f3rio. Dr. Galati tamb\u00e9m oferece este procedimento que livra o paciente de veias quentes e doloridas, surpreendentemente com pouca ou nenhuma dor. Aqui no sul da Fl\u00f3rida, as pernas de homens e mulheres s\u00e3o vis\u00edveis para centenas de pessoas todos os dias! Este clima quente que todos n\u00f3s gostamos nos faz usar shorts e saias quase o ano todo. Lembre-se, o cuidado da veia se divide em duas categorias: cosm\u00e9tica e m\u00e9dica. As pequenas aranhas e as veias verdes n\u00e3o protuberantes s\u00e3o cosm\u00e9ticas. As grandes veias inflamadas, inchadas e doloridas s\u00e3o consideradas tratamento m\u00e9dico. Dr. Galati trata ambas as condi\u00e7\u00f5es.<\/span><\/p>\n\t\t<\/div>\n\t\t\t\t\t<\/div>\n\n\t\n\n\t<div id=\"col-800254604\" class=\"col medium-4 small-12 large-4\"  >\n\t\t\t\t<div class=\"col-inner\"  >\n\t\t\t\n\t\t\t\n<p style=\"text-align: center;\"><span style=\"text-decoration: underline;\"><strong><span style=\"font-size: 120%;\">Os tratamentos<\/span><\/strong><\/span><br \/>\n<span style=\"font-size: 90%;\">1. Para pequenas veias da aranha, agulhas min\u00fasculas sobre a espessura do cabelo humano s\u00e3o usadas juntamente com solu\u00e7\u00e3o salina. Geralmente o tratamento \u00e9 indetect\u00e1vel para o paciente, causando pouca ou nenhuma dor.<\/span><\/p>\n<p style=\"text-align: center;\"><span style=\"font-size: 90%;\">2. 2. As veias maiores s\u00e3o tratadas em conjunto com o sonograma e com o uso de outros agentes medicinais.<\/span><\/p>\n<p style=\"text-align: center;\"><span style=\"font-size: 90%;\">3. Veias muito grandes e salientes ou agrupadas s\u00e3o tratadas com EVLT. Um cabo de fibra \u00f3tica \u00e9 colocado na veia, conectado ao laser e retirado lentamente, fechando a veia varicosa, permitindo que eles colapsem e desbotem lentamente. Veias residuais s\u00e3o tratadas com escleroterapia. O procedimento EVLT tamb\u00e9m produz pouca dor. Os pacientes n\u00e3o s\u00e3o colocados para dormir!<\/span><br \/>\n<strong><span style=\"font-size: 120%;\">Compress\u00e3o<\/span><\/strong><br \/>\n<span style=\"font-size: 90%;\">Geralmente, um pequeno envolt\u00f3rio \u00e9 colocado em torno das \u00e1reas que foram tratadas para pequenas veias de aranha. Isso \u00e9 mantido por cerca de 12 horas. Veias maiores exigem mangueira de compress\u00e3o mais apertada. Eles s\u00e3o de cor de pele, coxa alta e dedo aberto. Os dias de meias feias j\u00e1 se foram. Novas linhas de mangueiras tornaram as mulheres e os homens mais complacentes.<\/span><br \/>\n<strong><span style=\"font-size: 120%;\">Nutri\u00e7\u00e3o<\/span><\/strong><br \/>\n<span style=\"font-size: 90%;\">O Dr. Galati pode recomendar mudan\u00e7as nos seus h\u00e1bitos alimentares ou mesmo suplementos orais naturais que o ajudar\u00e3o a livrar-se dessas manchas desagrad\u00e1veis \u200b\u200bjunto com o tratamento. O resultado final \u00e9 pernas mais atraentes e saud\u00e1veis. Torne-se parte do crescente n\u00famero de pacientes felizes e satisfeitos tratados por este m\u00e9dico verdadeiramente atencioso. N\u00e3o deixe que feias aranhas e varizes ditam que roupa voc\u00ea deve usar. Atreva-se a ir nu! Suas pernas podem ficar maravilhosas novamente. Fa\u00e7a uma consulta para o seu exame gratuito hoje!<\/span><\/p>\n<hr \/>\n<p style=\"text-align: center;\"><strong><span style=\"font-size: 105%;\">Torne-se parte do crescente n\u00famero de pacientes felizes e satisfeitos tratados por este m\u00e9dico verdadeiramente atencioso. N\u00e3o deixe que feias aranhas e varizes ditam que roupa voc\u00ea deve usar. Atreva-se a ir nu! Suas pernas podem ficar maravilhosas novamente. Fa\u00e7a uma consulta para o seu exame gratuito hoje!<\/span><\/strong><\/p>\n\t\t<\/div>\n\t\t\t\t\t<\/div>\n\n\t\n<\/div>\n<p>&nbsp;<\/p>\n","protected":false},"excerpt":{"rendered":"<p>&nbsp;<\/p>\n","protected":false},"author":1,"featured_media":0,"parent":0,"menu_order":0,"comment_status":"closed","ping_status":"closed","template":"","meta":{"footnotes":""},"class_list":["post-284","page","type-page","status-publish","hentry"],"_links":{"self":[{"href":"https:\/\/vein123.com\/pt\/wp-json\/wp\/v2\/pages\/284","targetHints":{"allow":["GET"]}}],"collection":[{"href":"https:\/\/vein123.com\/pt\/wp-json\/wp\/v2\/pages"}],"about":[{"href":"https:\/\/vein123.com\/pt\/wp-json\/wp\/v2\/types\/page"}],"author":[{"embeddable":true,"href":"https:\/\/vein123.com\/pt\/wp-json\/wp\/v2\/users\/1"}],"replies":[{"embeddable":true,"href":"https:\/\/vein123.com\/pt\/wp-json\/wp\/v2\/comments?post=284"}],"version-history":[{"count":0,"href":"https:\/\/vein123.com\/pt\/wp-json\/wp\/v2\/pages\/284\/revisions"}],"wp:attachment":[{"href":"https:\/\/vein123.com\/pt\/wp-json\/wp\/v2\/media?parent=284"}],"curies":[{"name":"wp","href":"https:\/\/api.w.org\/{rel}","templated":true}]}}