{"id":290,"date":"2019-07-02T04:18:31","date_gmt":"2019-07-02T04:18:31","guid":{"rendered":"https:\/\/vein123.com\/en\/?page_id=290"},"modified":"2019-07-11T14:14:04","modified_gmt":"2019-07-11T14:14:04","slug":"types-of-veins","status":"publish","type":"page","link":"https:\/\/vein123.com\/pt\/types-of-veins\/","title":{"rendered":"Tipos de veias"},"content":{"rendered":"<\/p>\n<div class=\"row row-large\"  id=\"row-743306457\">\n\n\t<div id=\"col-1831542534\" class=\"col medium-4 small-12 large-4\"  >\n\t\t\t\t<div class=\"col-inner\"  >\n\t\t\t\n\t\t\t\n<p><strong><span style=\"text-decoration: underline; font-size: 120%;\">DIFERENTES TIPOS DE VEIOS<\/span><\/strong><\/p>\n<ul>\n<li style=\"text-align: left;\"><strong>VEIOS DA ARANHA LINEAR<\/strong><\/li>\n<\/ul>\n<p>\u00a0<\/p>\n<p>\u00a0<\/p>\n<ul>\n<li style=\"text-align: left;\"><strong>ARBORATE SPIDER VEINS<\/strong><\/li>\n<\/ul>\n<p>\u00a0<\/p>\n<p>\u00a0<\/p>\n<ul>\n<li style=\"text-align: left;\"><strong>VIDEIRAS DO SUNBURST (STELLATE) SPIDER<\/strong><\/li>\n<\/ul>\n<p>\u00a0<\/p>\n<p>\u00a0<\/p>\n<ul>\n<li style=\"text-align: left;\"><strong>VEIAS RETICULARES<\/strong><\/li>\n<\/ul>\n<p>\u00a0<\/p>\n<p>\u00a0<\/p>\n<p>\u00a0<\/p>\n<ul>\n<li style=\"text-align: left;\"><strong>VARIZES<\/strong><\/li>\n<\/ul>\n\t\t<\/div>\n\t\t\t\t\t<\/div>\n\n\t\n\n\t<div id=\"col-99912801\" class=\"col medium-4 small-12 large-4\"  >\n\t\t\t\t<div class=\"col-inner\"  >\n\t\t\t\n\t\t\t\n<p style=\"text-align: center;\"><span style=\"font-size: 90%;\">As veias da aranha s\u00e3o pequenas veias vermelhas, azuladas ou descoloridas que aparecem nas coxas, pernas, tornozelos e at\u00e9 p\u00e9s. Muitas mulheres odeiam as que aparecem no interior da coxa e logo acima do joelho. Eles s\u00e3o comuns do lado de fora da coxa com uma veia verde subjacente mais profunda para eles. Outra regi\u00e3o comum \u00e9 o exterior e o interior das pernas. Surpreendentemente, muitas mulheres t\u00eam algumas delas atr\u00e1s dos joelhos e nunca sabem que est\u00e3o l\u00e1 at\u00e9 o exame das veias. As veias da aranha est\u00e3o em diferentes categorias. Padr\u00f5es lineares, arborizados e sunburst. O tipo linear s\u00e3o linhas retas conectadas ou desconectadas de veias de aranha vistas em qualquer parte das extremidades. Aranhas arborizadas aparecem como uma \u00e1rvore com galhos. O tipo sunburst ou star (stellate) parece ter um centro com filiais saindo em todas as dire\u00e7\u00f5es. Muitas mulheres t\u00eam uma combina\u00e7\u00e3o de todos os itens acima ou podem ter um caso simples de aranhas lineares em apenas uma \u00e1rea. Voc\u00ea consegue identificar quais voc\u00ea tem? Eles podem ocorrer sozinhos ou podem estar em combina\u00e7\u00e3o com as varizes maiores. \u00c0s vezes, essas veias de aranhas podem realmente causar dor, especialmente quando est\u00e3o localizadas atr\u00e1s do joelho e na parte de tr\u00e1s das pernas. Muitas vezes essas veias t\u00eam uma veia de alimenta\u00e7\u00e3o mais profunda que est\u00e1 causando as que voc\u00ea v\u00ea. Os pacientes \u00e0s vezes ficam surpresos ao ouvir o m\u00e9dico da veia dizer que ele vai tratar as veias da aranha a uma dist\u00e2ncia de 4 a 10 polegadas de onde o problema principal parece estar localizado. Isso ocorre porque o recipiente alimentador pode estar longe do problema vis\u00edvel. Os pacientes geralmente v\u00e3o ao consult\u00f3rio porque essas manchas s\u00e3o dolorosas. Voc\u00ea consegue identificar quais voc\u00ea tem? Eles podem ocorrer sozinhos ou podem estar em combina\u00e7\u00e3o com as varizes maiores. \u00c0s vezes, essas veias de aranhas podem realmente causar dor, especialmente quando est\u00e3o localizadas atr\u00e1s do joelho e na parte de tr\u00e1s das pernas. Muitas vezes essas veias t\u00eam uma veia de alimenta\u00e7\u00e3o mais profunda que est\u00e1 causando as que voc\u00ea v\u00ea. Os pacientes \u00e0s vezes ficam surpresos ao ouvir o m\u00e9dico da veia dizer que ele vai tratar as veias da aranha a uma dist\u00e2ncia de 4 a 10 polegadas de onde o problema principal parece estar localizado. Isso ocorre porque o recipiente alimentador pode estar longe do problema vis\u00edvel. Os pacientes geralmente v\u00e3o ao consult\u00f3rio porque essas manchas s\u00e3o dolorosas. Voc\u00ea consegue identificar quais voc\u00ea tem? Eles podem ocorrer sozinhos ou podem estar em combina\u00e7\u00e3o com as varizes maiores. \u00c0s vezes, essas veias de aranhas podem realmente causar dor, especialmente quando est\u00e3o localizadas atr\u00e1s do joelho e na parte de tr\u00e1s das pernas. Muitas vezes essas veias t\u00eam uma veia de alimenta\u00e7\u00e3o mais profunda que est\u00e1 causando as que voc\u00ea v\u00ea. Os pacientes \u00e0s vezes ficam surpresos ao ouvir o m\u00e9dico da veia dizer que ele vai tratar as veias da aranha a uma dist\u00e2ncia de 4 a 10 polegadas de onde o problema principal parece estar localizado. Isso ocorre porque o recipiente alimentador pode estar longe do problema vis\u00edvel. Os pacientes geralmente v\u00e3o ao consult\u00f3rio porque essas manchas s\u00e3o dolorosas. Estas veias aranhas podem realmente causar dor, especialmente quando localizadas atr\u00e1s do joelho e na parte de tr\u00e1s das pernas. Muitas vezes essas veias t\u00eam uma veia de alimenta\u00e7\u00e3o mais profunda que est\u00e1 causando as que voc\u00ea v\u00ea. Os pacientes \u00e0s vezes ficam surpresos ao ouvir o m\u00e9dico da veia dizer que ele vai tratar as veias da aranha a uma dist\u00e2ncia de 4 a 10 polegadas de onde o problema principal parece estar localizado. Isso ocorre porque o recipiente alimentador pode estar longe do problema vis\u00edvel. Os pacientes geralmente v\u00e3o ao consult\u00f3rio porque essas manchas s\u00e3o dolorosas. Estas veias aranhas podem realmente causar dor, especialmente quando localizadas atr\u00e1s do joelho e na parte de tr\u00e1s das pernas. Muitas vezes essas veias t\u00eam uma veia de alimenta\u00e7\u00e3o mais profunda que est\u00e1 causando as que voc\u00ea v\u00ea. Os pacientes \u00e0s vezes ficam surpresos ao ouvir o m\u00e9dico da veia dizer que ele vai tratar as veias da aranha a uma dist\u00e2ncia de 4 a 10 polegadas de onde o problema principal parece estar localizado. Isso ocorre porque o recipiente alimentador pode estar longe do problema vis\u00edvel. Os pacientes geralmente v\u00e3o ao consult\u00f3rio porque essas manchas s\u00e3o dolorosas.<\/span><\/p>\n\t\t<\/div>\n\t\t\t\t\t<\/div>\n\n\t\n\n\t<div id=\"col-788021557\" class=\"col medium-4 small-12 large-4\"  >\n\t\t\t\t<div class=\"col-inner\"  >\n\t\t\t\n\t\t\t\n<p><strong><span style=\"font-size: 120%;\">O QUE CAUSA VEIAS DA ARANHA?\u00a0<\/span><\/strong><\/p>\n<p>Existem muitas teorias para sua causa. V\u00e1lvulas ruins em vasos mais profundos podem permitir que a gravidade puxe sangue para o p\u00e9. Esse aumento na \u201cpress\u00e3o de retorno\u201d pode expandir esses min\u00fasculos vasos sangu\u00edneos na superf\u00edcie da pele atrav\u00e9s de um sistema de vasos sang\u00fc\u00edneos alternados. Estes podem continuar a formar v\u00e1rias veias. Algumas pessoas sentem que s\u00e3o causadas por pequenos blocos no local perto dos vasos da aranha, que fazem com que o sangue empurre os vasos para a superf\u00edcie da pele. A perda da for\u00e7a subjacente dos tecidos de suporte permite que os vasos se projetem para fora. Outros ainda acreditam que eles correm em fam\u00edlias e a causa n\u00e3o \u00e9 bem compreendida. No entanto, pessoas em p\u00edlulas anticoncepcionais, terapia de reposi\u00e7\u00e3o hormonal e aqueles com uma predisposi\u00e7\u00e3o gen\u00e9tica parecem estar em maior risco. O ciclo mensal das mulheres faz com que o estrog\u00eanio v\u00e1 mais alto e mais baixo. Isso \u00e9 o que muitos sentem desencadeia esse fen\u00f4meno. Eles usaram coelhos para provar essa teoria. Coelhos que receberam grandes doses de estrog\u00eanio desenvolveram veias em suas orelhas longas. (N\u00e3o se preocupe, os coelhos foram encontrados boas casas depois). Eu acredito que h\u00e1 muitos fatores envolvidos. Assim como algumas pessoas desenvolvem acne e outras n\u00e3o. As veias da aranha s\u00e3o semelhantes. Algumas pessoas as pegam e outras n\u00e3o as recebem. Existem muitos fatores que devem ser levados em considera\u00e7\u00e3o. Tenho certeza de que, quando o j\u00fari entrar, ser\u00e1 uma mistura mais complexa do que a maioria imagina. Eu nunca ouvi ou vi qualquer rem\u00e9dio t\u00f3pico que funcionasse bem e realmente desalojasse as pessoas dessas manchas indesej\u00e1veis. Existem suplementos orais que funcionam em conjunto com o tratamento. Estes suplementos ajudam o corpo a funcionar de forma mais eficiente livrando-o dos radicais livres e ajudando a pele e os tecidos mais profundos a agirem para apoiar as veias e outras estruturas necess\u00e1rias para as pernas saud\u00e1veis. Melhorar sua dieta com mais fibras, ficar longe de muita carne vermelha e junk food parece ajudar bastante. Por enquanto, consulte seu m\u00e9dico de veia para tratamento e ajuda suplementar. Acredite, se eu soubesse da p\u00edlula m\u00e1gica, eu seria um dos m\u00e9dicos mais ricos do mundo. Sim. Eu compartilharia o segredo com voc\u00ea. \u00c9 uma mistura de tratamento, dieta adequada e suplementos que funcionam melhor consulte seu m\u00e9dico de veia para tratamento e ajuda suplementar. Acredite, se eu soubesse da p\u00edlula m\u00e1gica, eu seria um dos m\u00e9dicos mais ricos do mundo. Sim. Eu compartilharia o segredo com voc\u00ea. \u00c9 uma mistura de tratamento, dieta adequada e suplementos que funcionam melhor consulte seu m\u00e9dico de veia para tratamento e ajuda suplementar. Acredite, se eu soubesse da p\u00edlula m\u00e1gica, eu seria um dos m\u00e9dicos mais ricos do mundo. Sim. Eu compartilharia o segredo com voc\u00ea. \u00c9 uma mistura de tratamento, dieta adequada e suplementos que funcionam melhor<\/p>\n\t\t<\/div>\n\t\t\t\t\t<\/div>\n\n\t\n<\/div>\n<p>\n","protected":false},"excerpt":{"rendered":"","protected":false},"author":1,"featured_media":0,"parent":0,"menu_order":0,"comment_status":"closed","ping_status":"closed","template":"","meta":{"footnotes":""},"class_list":["post-290","page","type-page","status-publish","hentry"],"_links":{"self":[{"href":"https:\/\/vein123.com\/pt\/wp-json\/wp\/v2\/pages\/290","targetHints":{"allow":["GET"]}}],"collection":[{"href":"https:\/\/vein123.com\/pt\/wp-json\/wp\/v2\/pages"}],"about":[{"href":"https:\/\/vein123.com\/pt\/wp-json\/wp\/v2\/types\/page"}],"author":[{"embeddable":true,"href":"https:\/\/vein123.com\/pt\/wp-json\/wp\/v2\/users\/1"}],"replies":[{"embeddable":true,"href":"https:\/\/vein123.com\/pt\/wp-json\/wp\/v2\/comments?post=290"}],"version-history":[{"count":0,"href":"https:\/\/vein123.com\/pt\/wp-json\/wp\/v2\/pages\/290\/revisions"}],"wp:attachment":[{"href":"https:\/\/vein123.com\/pt\/wp-json\/wp\/v2\/media?parent=290"}],"curies":[{"name":"wp","href":"https:\/\/api.w.org\/{rel}","templated":true}]}}