{"id":293,"date":"2019-07-02T06:39:38","date_gmt":"2019-07-02T06:39:38","guid":{"rendered":"https:\/\/vein123.com\/en\/?page_id=293"},"modified":"2019-07-11T14:14:46","modified_gmt":"2019-07-11T14:14:46","slug":"causes","status":"publish","type":"page","link":"https:\/\/vein123.com\/pt\/causes\/","title":{"rendered":"Causas"},"content":{"rendered":"<\/p>\n<div class=\"row\"  id=\"row-1690456982\">\n\n\t<div id=\"col-32401133\" class=\"col medium-4 small-12 large-4\"  >\n\t\t\t\t<div class=\"col-inner\"  >\n\t\t\t\n\t\t\t\n<p><span style=\"font-size: 120%;\"><strong><span style=\"text-decoration: underline;\">O QUE CAUSA VEIAS DE VARICOSE?<\/span><\/strong><\/span><\/p>\n<p><strong><span style=\"font-size: 105%;\">EXISTEM MUITAS TEORIAS PROPOSTAS NESTE ASSUNTO COMPLEXO. No entanto, a maioria dos m\u00e9dicos concorda com certos fatores causais.<\/span><\/strong><\/p>\n<p><span style=\"font-size: 95%;\"><strong><span style=\"font-size: 100%;\">1)<\/span> <\/strong><span style=\"font-size: 90%;\">A hereditariedade desempenha um dos pap\u00e9is mais poderosos em sua forma\u00e7\u00e3o. Ap\u00f3s o tratamento das veias por 14 anos, o Dr. Galati observou uma correla\u00e7\u00e3o direta entre as veias do paciente e as veias da m\u00e3e e \/ ou do pai. Veias varicosas e aranhas quase sempre correm em fam\u00edlias. O velho ditado, &#8220;da pr\u00f3xima vez escolha bem seus pais&#8221;, muitas vezes traz um sorriso ou riso ao rosto de um paciente. Voltando ao ponto, a hereditariedade pode ser o ator mais importante. Temos pacientes com menos de 17 anos com casos moderados de doen\u00e7a venosa. Esses pacientes podem relacionar outra pessoa da fam\u00edlia com o mesmo problema. \u00c0s vezes \u00e9 a m\u00e3e, pai e muitas vezes seus av\u00f3s. Os irm\u00e3os \u00e0s vezes tamb\u00e9m s\u00e3o afetados ou a condi\u00e7\u00e3o pode ter pulado seus irm\u00e3os e irm\u00e3s. O bom m\u00e9dico tratou mulheres com uma grande veia varicosa no interior da perna direita, muitas vezes esses pacientes dir\u00e3o &#8220;minha m\u00e3e tem a mesma veia no mesmo lugar&#8221;. O velho ditado \u201cnosso filho tem seu nariz e meus olhos\u201d mostra a import\u00e2ncia da for\u00e7a que a hereditariedade tem na forma\u00e7\u00e3o da express\u00e3o gen\u00e9tica de muitas condi\u00e7\u00f5es de sa\u00fade. N\u00e3o, onde isso \u00e9 mais evidente do que nas varizes masculinas. Embora outros fatores possam estar em a\u00e7\u00e3o, temos visto uma liga\u00e7\u00e3o direta entre a heran\u00e7a familiar.<\/span><\/span><\/p>\n<p><span style=\"font-size: 95%;\"><strong><span style=\"font-size: 100%;\">2)<\/span><\/strong> <span style=\"font-size: 90%;\">O ciclo de estrog\u00eanio desempenha um grande papel na express\u00e3o de aranha e varizes em mulheres. O ciclo mensal de aumento e diminui\u00e7\u00e3o dos n\u00edveis de estrog\u00eanio \u00e9, sem d\u00favida alguma, outro fator-chave para a forma\u00e7\u00e3o desses defeitos na pele. Mulheres em terapia de reposi\u00e7\u00e3o hormonal (TRH) ou aquelas que tomam p\u00edlulas anticoncepcionais por longos per\u00edodos geralmente<\/span><\/span><\/p>\n\t\t<\/div>\n\t\t\t\t\t<\/div>\n\n\t\n\n\t<div id=\"col-852598046\" class=\"col medium-4 small-12 large-4\"  >\n\t\t\t\t<div class=\"col-inner\"  >\n\t\t\t\n\t\t\t\n<p><span style=\"font-size: 90%;\">mais em risco para esta condi\u00e7\u00e3o florescer. Novamente, temos visto uma correla\u00e7\u00e3o direta entre essas drogas e aumento do risco de doen\u00e7a venosa de grau vari\u00e1vel. Isso significa que as mulheres devem parar o uso desses medicamentos? Na verdade, usar a dosagem mais baixa \u00e9 a melhor abordagem. Consulte o seu m\u00e9dico de fam\u00edlia sobre quaisquer altera\u00e7\u00f5es na dosagem. Muitas mulheres est\u00e3o usando formas mais naturais ou HRT atrav\u00e9s de m\u00e9dicos hol\u00edsticos com grande sucesso. O resultado foi menos risco de desordens venenosas em muitos desses pacientes.<\/span><\/p>\n<p><span style=\"font-size: 95%;\"><strong><span style=\"font-size: 100%;\">3)<\/span> <span style=\"font-size: 90%;\">\u00a0<\/span><\/strong><span style=\"font-size: 90%;\">Permanente em seus p\u00e9s por longos per\u00edodos de tempo, especialmenteno mesmo lugar, como um caixa, permite que a gravidade baixe em dire\u00e7\u00e3o aos p\u00e9s. Isso causa dilata\u00e7\u00e3o das veias e danos \u00e0s v\u00e1lvulas unidirecionais encontradas nas veias. Uma vez danificado, o sangue flui para baixo, expandindo os vasos e causando bolhas ou manchas vermelhas e roxas que chamamos de talangectasias e venulectasias, juntamente com as veias varicosas inchadas. Estes s\u00e3o frequentemente associados a dores e queimaduras durante o dia de trabalho. Ent\u00e3o, o que uma pessoa deveria fazer? Saiam dos seus empregos? N\u00e3o, mas o uso de mangueira de suporte pode realmente ajudar. Se voc\u00ea seguir esse caminho, solicite meias de suporte m\u00e9dico que n\u00e3o sejam de baixo custo. Essas meias podem fazer um mundo de diferen\u00e7a. Se voc\u00ea precisar pedir algo dessa natureza, entre em contato com o Dr. Galati e sua equipe para ajud\u00e1-lo com este item. Pelo menos voc\u00ea pode retardar a progress\u00e3o da doen\u00e7a venosa e reduzir a dor. Ent\u00e3o, quando voc\u00ea estiver pronto para ser tratado por sua condi\u00e7\u00e3o, ter\u00e1 evitado que seu problema seja mais expansivo e dif\u00edcil de tratar. Pessoas que passam o dia todo em p\u00e9 devem considerar o uso de medidas conservadoras para evitar mais danos a uma condi\u00e7\u00e3o j\u00e1 pr\u00e9-existente. Tamb\u00e9m pode impedir que a condi\u00e7\u00e3o se instale. A preven\u00e7\u00e3o \u00e9 muito importante.<\/span><\/p>\n<p><span style=\"font-size: 95%;\"><strong><span style=\"font-size: 100%;\">4)<\/span><\/strong>\u00a0<span style=\"font-size: 90%;\"> O parto \u00e9 uma das causas conhecidas de varicosidades. Conforme o feto cresce na regi\u00e3o p\u00e9lvica da m\u00e3e, ele pressiona contra as veias que trazem o sangue de volta ao cora\u00e7\u00e3o. Este bloqueio ou fluxo impedido causa aumento da press\u00e3o em todas as veias abaixo da p\u00e9lvis. Essas veias incham com a press\u00e3o e se expandem nas coxas, pernas e p\u00e9s. Estas s\u00e3o as veias varicosas vistas durante e ap\u00f3s a gravidez. Muitas mulheres podem dizer com precis\u00e3o: \u201cessa veia foi de dar \u00e0 luz a Peter, este de Laura e este de Johnny.\u201d H\u00e1 tamb\u00e9m muitas mudan\u00e7as hormonais ocorrendo durante a gravidez que causam mudan\u00e7as nas pernas das mulheres. O uso de mangueira de suporte durante a gravidez pode impedir muita expans\u00e3o venosa. Qualquer tratamento com veias n\u00e3o deve iniciar por 6-9 meses ap\u00f3s a gravidez; isto \u00e9 porque na maioria das vezes muitas das veias<\/span><\/p>\n\t\t<\/div>\n\t\t\t\t\t<\/div>\n\n\t\n\n\t<div id=\"col-295142208\" class=\"col medium-4 small-12 large-4\"  >\n\t\t\t\t<div class=\"col-inner\"  >\n\t\t\t\n\t\t\t\n<p><span style=\"font-size: 90%;\">trazido pela gravidez subs\u00eddio pelo nono m\u00eas ap\u00f3s o parto. O tratamento da veia nunca deve come\u00e7ar at\u00e9 que a amamenta\u00e7\u00e3o seja interrompida.<\/span><\/p>\n<p><span style=\"font-size: 95%;\"><strong>5)\u00a0<\/strong> <span style=\"font-size: 90%;\">Les\u00e3o por impacto na coxa e perna \u00e9 outracausa para esta condi\u00e7\u00e3o surgir. Observamos que muitos pacientes que sofreram les\u00f5es em certas partes de suas pernas \u00e0s vezes desenvolvem varizes nessa mesma \u00e1rea. Um bom exemplo s\u00e3o os jogadores de futebol. Muitos deles s\u00e3o chutados de novo e de novo por tr\u00e1s de suas panturrilhas. Esta regi\u00e3o \u00e9 um local onde se desenvolvem grandes veias dolorosas. As v\u00e1lvulas nas veias s\u00e3o danificadas. A les\u00e3o faz com que o sangue flua para os p\u00e9s novamente, causando press\u00e3o nas veias e o balonamento da nova doen\u00e7a venosa. Observe uma e outra vez que voc\u00ea ouvir\u00e1 o Dr. Galati dizer que o sangue n\u00e3o est\u00e1 fluindo para o cora\u00e7\u00e3o como deveria, mas tem uma tend\u00eancia a fluir para os p\u00e9s. Esta \u00e9 uma das causas subjacentes de varizes e vasinhos. Provavelmente, a causa mais significativa na maioria das doen\u00e7as venosas, independentemente do que provoca essa revers\u00e3o do fluxo sangu\u00edneo.<\/span><\/p>\n<p><span style=\"font-size: 95%;\"><strong>6)<\/strong>\u00a0 <span style=\"font-size: 90%;\">Obesity: this is another cascade in the myriad of causes of unwanted vein development. <\/span><\/span><span style=\"font-size: 90%;\">Fat contains one part fat and two parts water. Fat or adipose tissue, is a storage depot for water and fat used for energy. Obesity = too much, fat =overloading the body with too many fluids. The strain of weight from gravity overloads the lymph vessels and veins with too many fluids. This causes the vessels\u2019 valves to fail, which in turn causes new veins to appear. Dr. Galati has several patients that weighed 260-375 lbs. The patients that lose much of the weight through careful dieting lost as much as 75% of all the veins that they wanted treated . We feel the obese patient should lose weight through a sensible diet program and then consider any veintreatment thereafter.<\/span><\/p>\n<p><span style=\"font-size: 95%;\"><strong>7)<\/strong>\u00a0<span style=\"font-size: 90%;\"> Sapatos de salto alto tamb\u00e9m? Sim, eles encontraram um caminho na nossa lista de causas. Agora, como os sapatos de salto alto podem causar veias varicosas e de aranha? Imagine um p\u00e9 descal\u00e7o fazendo contato com o ch\u00e3o. Primeiro o calcanhar golpeia o ch\u00e3o e ent\u00e3o todo o p\u00e9 atinge o ch\u00e3o. (cont.)<\/span><\/p>\n\t\t<\/div>\n\t\t\t\t\t<\/div>\n\n\t\n<\/div>\n<p>\n","protected":false},"excerpt":{"rendered":"","protected":false},"author":1,"featured_media":0,"parent":0,"menu_order":0,"comment_status":"closed","ping_status":"closed","template":"","meta":{"footnotes":""},"class_list":["post-293","page","type-page","status-publish","hentry"],"_links":{"self":[{"href":"https:\/\/vein123.com\/pt\/wp-json\/wp\/v2\/pages\/293","targetHints":{"allow":["GET"]}}],"collection":[{"href":"https:\/\/vein123.com\/pt\/wp-json\/wp\/v2\/pages"}],"about":[{"href":"https:\/\/vein123.com\/pt\/wp-json\/wp\/v2\/types\/page"}],"author":[{"embeddable":true,"href":"https:\/\/vein123.com\/pt\/wp-json\/wp\/v2\/users\/1"}],"replies":[{"embeddable":true,"href":"https:\/\/vein123.com\/pt\/wp-json\/wp\/v2\/comments?post=293"}],"version-history":[{"count":0,"href":"https:\/\/vein123.com\/pt\/wp-json\/wp\/v2\/pages\/293\/revisions"}],"wp:attachment":[{"href":"https:\/\/vein123.com\/pt\/wp-json\/wp\/v2\/media?parent=293"}],"curies":[{"name":"wp","href":"https:\/\/api.w.org\/{rel}","templated":true}]}}