{"id":306,"date":"2019-07-02T07:11:12","date_gmt":"2019-07-02T07:11:12","guid":{"rendered":"https:\/\/vein123.com\/en\/?page_id=306"},"modified":"2019-07-11T14:15:25","modified_gmt":"2019-07-11T14:15:25","slug":"sclerotherapy","status":"publish","type":"page","link":"https:\/\/vein123.com\/pt\/sclerotherapy\/","title":{"rendered":"Escleroterapia"},"content":{"rendered":"<\/p>\n<div class=\"row\"  id=\"row-1986530562\">\n\n\t<div id=\"col-175923175\" class=\"col medium-4 small-12 large-4\"  >\n\t\t\t\t<div class=\"col-inner\"  >\n\t\t\t\n\t\t\t\n<p><span style=\"font-size: 130%;\">Cl\u00ednica de veias varicosas e aranha de Fort Lauderdale<\/span><\/p>\n<p><strong><span style=\"font-size: 110%;\">Quais s\u00e3o as varizes?<\/span><\/strong><\/p>\n<p><span style=\"font-size: 90%;\">Enquanto as art\u00e9rias trazem sangue do cora\u00e7\u00e3o para as extremidades, as veias, em virtude de v\u00e1lvulas unidirecionais, canalizam o sangue de volta para o cora\u00e7\u00e3o. Se essas v\u00e1lvulas n\u00e3o funcionam bem, o sangue n\u00e3o flui com efici\u00eancia. As veias aumentam de tamanho porque est\u00e3o congestionadas com sangue. Essas veias aumentadas s\u00e3o comumente chamadas de vasinhos ou veias varicosas. As veias varicosas s\u00e3o maiores.<\/span><\/p>\n<p><span style=\"font-size: 90%;\">A dor nas pernas \u00e9 freq\u00fcentemente relacionada a essas veias anormais das pernas. Varizes graves podem comprometer a nutri\u00e7\u00e3o da pele e levar ao eczema, inflama\u00e7\u00e3o ou mesmo ulcera\u00e7\u00e3o da parte inferior da perna. Os dist\u00farbios da veia nem sempre s\u00e3o vis\u00edveis, portanto, as t\u00e9cnicas de diagn\u00f3stico s\u00e3o ferramentas importantes na determina\u00e7\u00e3o da causa e da gravidade do problema.<\/span><\/p>\n\t\t<\/div>\n\t\t\t\t\t<\/div>\n\n\t\n\n\t<div id=\"col-670470854\" class=\"col medium-4 small-12 large-4\"  >\n\t\t\t\t<div class=\"col-inner\"  >\n\t\t\t\n\t\t\t\n<p><span style=\"font-size: 120%;\">O QUE CAUSA VEIAS DE VARICOSE?<\/span><\/p>\n<p><span style=\"font-size: 90%;\">Hereditariedade \u00e9 o fator n\u00famero um que causa varizes e vasinhos. At\u00e9 50% das mulheres nos Estados Unidos podem ser afetadas. Fatores hormonais, incluindo puberdade, gravidez, menopausa e uso de p\u00edlulas anticoncepcionais ou estrog\u00eanio e progesterona podem ser um fator causal. Outros fatores predisponentes incluem envelhecimento, ocupa\u00e7\u00f5es em p\u00e9 e les\u00e3o na perna.<\/span><\/p>\n<p><span style=\"font-size: 120%;\">COMO A FLEXOLOGIA PODE AJUDAR?<\/span><\/p>\n<p><span style=\"font-size: 90%;\">Flebologia \u00e9 o campo da medicina que lida com doen\u00e7as veias. Seus membros s\u00e3o m\u00e9dicos e outros profissionais de sa\u00fade.<\/span><\/p>\n<p><span style=\"font-size: 120%;\">O QUE \u00c9 ESCLEROTERAPIA?<\/span><\/p>\n<p><span style=\"font-size: 90%;\">Escleroterapia pode ser usada para tratar varizes e vasinhos. Uma pequena agulha \u00e9 usada para injetar as veias com um medicamento que irrita o revestimento da veia. A escleroterapia alivia o sintoma na maioria dos pacientes que sofrem de problemas nas veias da perna. Uma a v\u00e1rias sess\u00f5es de escleroterapia podem ser necess\u00e1rias para tratar qualquer regi\u00e3o espec\u00edfica da veia. Dependendo do tipo e n\u00famero de veias tratadas, pode haver muitas pequenas inje\u00e7\u00f5es por sess\u00e3o. Mangueira de suporte e \/ ou bandagem de uso m\u00e9dico podem ser usados \u200b\u200bpor v\u00e1rios dias a uma semana durante o per\u00edodo de cicatriza\u00e7\u00e3o para auxiliar na resolu\u00e7\u00e3o das veias.<\/span><\/p>\n\t\t<\/div>\n\t\t\t\t\t<\/div>\n\n\t\n\n\t<div id=\"col-254571911\" class=\"col medium-4 small-12 large-4\"  >\n\t\t\t\t<div class=\"col-inner\"  >\n\t\t\t\n\t\t\t\n<p><span style=\"font-size: 90%;\">Escleroterapia, realizada no consult\u00f3rio do m\u00e9dico, geralmente provoca desconforto m\u00ednimo. Contus\u00e3o, se houver, normalmente desaparece dentro de 1 semana. Embora a pigmenta\u00e7\u00e3o quase sempre desapare\u00e7a, pode durar v\u00e1rias semanas. Colora\u00e7\u00e3o e outras complica\u00e7\u00f5es s\u00e3o raras.<\/span><\/p>\n<p><span style=\"font-size: 120%;\">O QUE RESULTADOS VOC\u00ca PODE ESPERAR?<\/span><\/p>\n<p><span style=\"font-size: 90%;\">Com os m\u00e9todos de avalia\u00e7\u00e3o e tratamento dispon\u00edveis hoje, a aranha e as varizes podem ser tratadas com grande efic\u00e1cia e seguran\u00e7a. Se voc\u00ea sofre de problemas relacionados a varizes e vasinhos, n\u00e3o precisa se sentir sozinho. Enquanto alguns procuram tratamento para a melhoria cosm\u00e9tica, muitos est\u00e3o \u00e0 procura de al\u00edvio m\u00e9dico da dor ou outros sintomas. Qualquer que seja a categoria em que voc\u00ea esteja, h\u00e1 ajuda dispon\u00edvel.<\/span><\/p>\n<hr \/>\n<p style=\"text-align: center;\"><span style=\"font-size: 115%; background-color: #8a401c; color: #ffffff;\">FORT LAUDERDALE VARICOSE E CL\u00cdNICA DA VEIRA DA ARANHA<\/span><\/p>\n<p style=\"text-align: center;\"><span style=\"font-size: 85%;\">VARICOSE &#038; SPIDER VEIN CLINIC<\/span><br \/><span style=\"font-size: 85%;\">4146 N. FEDERAL HIGHWAY<\/span><br \/><span style=\"font-size: 85%;\">FORT LAUDERDALE, FL 33308<\/span><br \/><span style=\"font-size: 85%;\">Phone: (954) 561-5001<\/span><br \/><span style=\"font-size: 85%;\">www.vein123.com<\/span><\/p>\n\t\t<\/div>\n\t\t\t\t\t<\/div>\n\n\t\n<\/div>\n<p>\n","protected":false},"excerpt":{"rendered":"","protected":false},"author":1,"featured_media":0,"parent":0,"menu_order":0,"comment_status":"closed","ping_status":"closed","template":"","meta":{"footnotes":""},"class_list":["post-306","page","type-page","status-publish","hentry"],"_links":{"self":[{"href":"https:\/\/vein123.com\/pt\/wp-json\/wp\/v2\/pages\/306","targetHints":{"allow":["GET"]}}],"collection":[{"href":"https:\/\/vein123.com\/pt\/wp-json\/wp\/v2\/pages"}],"about":[{"href":"https:\/\/vein123.com\/pt\/wp-json\/wp\/v2\/types\/page"}],"author":[{"embeddable":true,"href":"https:\/\/vein123.com\/pt\/wp-json\/wp\/v2\/users\/1"}],"replies":[{"embeddable":true,"href":"https:\/\/vein123.com\/pt\/wp-json\/wp\/v2\/comments?post=306"}],"version-history":[{"count":0,"href":"https:\/\/vein123.com\/pt\/wp-json\/wp\/v2\/pages\/306\/revisions"}],"wp:attachment":[{"href":"https:\/\/vein123.com\/pt\/wp-json\/wp\/v2\/media?parent=306"}],"curies":[{"name":"wp","href":"https:\/\/api.w.org\/{rel}","templated":true}]}}