{"id":314,"date":"2019-07-02T07:53:30","date_gmt":"2019-07-02T07:53:30","guid":{"rendered":"https:\/\/vein123.com\/en\/?page_id=314"},"modified":"2019-07-11T14:20:33","modified_gmt":"2019-07-11T14:20:33","slug":"ultrasound","status":"publish","type":"page","link":"https:\/\/vein123.com\/pt\/ultrasound\/","title":{"rendered":"ultrassom"},"content":{"rendered":"<div class=\"row\"  id=\"row-125226223\">\n\n\t<div id=\"col-1868176835\" class=\"col medium-4 small-12 large-4\"  >\n\t\t\t\t<div class=\"col-inner\"  >\n\t\t\t\n\t\t\t\n<p>ESQUEROTERAPIA GUIADA POR ULTRA-SOM<\/p>\n<hr \/>\n<p><span style=\"font-size: 90%;\">Esta abordagem para tratar as veias varicosas maiores ainda \u00e9 o pilar para casos mais complexos. O t\u00e9cnico vascular usa uma m\u00e1quina de ultra-som para mapear as veias profundas em suas coxas e pernas. Esta \u00e9 a mesma m\u00e1quina usada para visualizar um feto n\u00e3o nascido. O t\u00e9cnico verifica cuidadosamente o status de suas veias mais profundas para garantir que essas veias estejam funcionando bem e livres de qualquer problema. Ent\u00e3o, a tecnologia faz voc\u00ea se levantar e come\u00e7a a seguir a rota da grande veia safena e seus afluentes. Esta veia \u00e9 frequentemente a causa de muitos problemas nas veias. Usando um aperto suave da coxa ou perna enquanto a sonda \u00e9 mantida na regi\u00e3o de interesse, um estudo de fluxo colorido \u00e9 projetado na tela do sonograma. Isso nos permite ver se as veias est\u00e3o fluindo de volta para o cora\u00e7\u00e3o ou se o fluxo volta para o p\u00e9 depois que o membro \u00e9 comprimido. Esta \u00e9 a parte mais importante dos testes na maioria das cl\u00ednicas de veias. Um mapa completo \u00e9 formado de suas veias e as \u00e1reas de fluxo sangu\u00edneo bom e ruim s\u00e3o documentadas para uso posterior. A id\u00e9ia deste teste \u00e9 descobrir onde voc\u00ea tem veias que t\u00eam v\u00e1lvulas ruins que causaram dilata\u00e7\u00e3o levando a veias varicosas aumentadas. A informa\u00e7\u00e3o \u00e9 cuidadosamente revisada pelo m\u00e9dico. Toda a informa\u00e7\u00e3o \u00e9 avaliada para tratamento.<\/span><\/p>\n\t\t<\/div>\n\t\t\t\t\t<\/div>\n\n\t\n\n\t<div id=\"col-1432190156\" class=\"col medium-4 small-12 large-4\"  >\n\t\t\t\t<div class=\"col-inner\"  >\n\t\t\t\n\t\t\t\n<p><span style=\"font-size: 90%;\">A pr\u00f3xima visita consiste no seu tratamento para as veias protuberantes. O paciente est\u00e1 deitado e as regi\u00f5es de interesse s\u00e3o realocadas na m\u00e1quina de ultra-som. O t\u00e9cnico manter\u00e1 a sonda sobre a regi\u00e3o a ser tratada e mostrar\u00e1 isso na tela. O m\u00e9dico ent\u00e3o usa a sonda para guiar a agulha na veia. Tudo isso \u00e9 vis\u00edvel na tela. A segmenta\u00e7\u00e3o precisa \u00e9, portanto, poss\u00edvel. A medica\u00e7\u00e3o \u00e9 ent\u00e3o injetada na veia de preocupa\u00e7\u00e3o. A id\u00e9ia \u00e9 encolher e destruir essa veia ruim. Lembre-se, esta veia \u00e9 uma das veias que est\u00e1 causando o problema, voc\u00ea n\u00e3o precisa desta veia. Quando as veias s\u00e3o absorvidas pelo corpo, o sangue vai encontrar um caminho mais saud\u00e1vel para voltar ao cora\u00e7\u00e3o. Muitas pessoas ficam preocupadas quando o m\u00e9dico diz \u201cvamos destruir a veia ruim\u201d. H\u00e1 pouca diferen\u00e7a de uma retirada da veia ruim ou destru\u00ed-la usando a escleroterapia ultrass\u00f4nica. De qualquer forma, a veia \u00e9 removida. Neste caso, \u00e9 feito n\u00e3o cirurgicamente. Muitas pessoas querem saber como esse medicamento destr\u00f3i a veia. Isso \u00e9 feito irritando e destruindo o revestimento interno do vaso. Uma rea\u00e7\u00e3o \u00e9 estabelecida que faz com que o vaso engrosse e feche. A veia ent\u00e3o desaparece lentamente. Muitas vezes, as pequenas veias indesejadas e os grandes vasos indesejados tamb\u00e9m desaparecem. Isso ocorre porque o suprimento de sangue principal para as aranhas e outros vasos vis\u00edveis \u00e9 desligado na fonte principal. Geralmente esta fonte principal estava falhando. A id\u00e9ia \u00e9 fechar o suprimento de sangue no n\u00edvel mais alto poss\u00edvel e trabalhar para baixo. Simplesmente tratar o vaso protuberante na perna far\u00e1 pouco bem se o problema se originou no alto da coxa. Da\u00ed a raz\u00e3o para come\u00e7ar alto e \u201cdesligar a fonte do problema\u201d. Novamente, o sangue encontrar\u00e1 veias saud\u00e1veis \u200b\u200bpara atravessar e voltar ao cora\u00e7\u00e3o.<\/span><\/p>\n\t\t<\/div>\n\t\t\t\t\t<\/div>\n\n\t\n\n\t<div id=\"col-484560950\" class=\"col medium-4 small-12 large-4\"  >\n\t\t\t\t<div class=\"col-inner\"  >\n\t\t\t\n\t\t\t\n<p><span style=\"font-size: 90%;\">A pr\u00f3xima parte do tratamento consiste em dispensar um par de meias de apoio apertadas. Estes s\u00e3o colocados no membro que foi tratado. O tratamento \u00e9 muito mais eficaz com a compress\u00e3o em torno da coxa e da perna tratadas. Essa abordagem mant\u00e9m as veias comprimidas, portanto, menores em di\u00e2metro e, portanto, permite que o fechamento ocorra com pouca complica\u00e7\u00e3o. Eles tamb\u00e9m comprimem o bezerro e permitem um fluxo sang\u00fc\u00edneo mais saud\u00e1vel imediatamente. As meias s\u00e3o usadas por 7-10 dias o tempo todo. N\u00f3s at\u00e9 pedimos aos nossos pacientes para tomar banho com as meias. No in\u00edcio, eles olham para n\u00f3s um pouco surpreso, mas depois descobrem que n\u00e3o \u00e9 t\u00e3o dif\u00edcil e se tornam pacientes muito complacentes. Eles secam rapidamente, j\u00e1 que s\u00e3o meias altas para os p\u00e9s. Olhe dessa maneira, voc\u00ea precisa procurar uma maneira de tratar suas veias de uma maneira n\u00e3o-cir\u00fargica. Este \u00e9 o tratamento mais bem-sucedido que j\u00e1 vi. Temos uma taxa de sucesso de 95% quando o paciente ouve e segue todos os conselhos m\u00e9dicos. Aqueles que se recusam a seguir o uso de mangueira de compress\u00e3o, muitas vezes encontram falhas e regi\u00f5es de inflama\u00e7\u00e3o. Confie em n\u00f3s, siga nosso conselho e os resultados ser\u00e3o o que voc\u00ea esperava. Melhor apar\u00eancia, coxas e pernas mais saud\u00e1veis. O que sobrar ap\u00f3s o t\u00e9rmino do regime de tratamento ser\u00e1 tratado separadamente. Estas s\u00e3o geralmente as menores veias de aranha e algumas veias verdes vis\u00edveis menores chamadas de &#8220;veias reticulares&#8221; que n\u00e3o foram embora. No entanto, neste ponto, esses vasos menores s\u00e3o tratados com muito mais sucesso, j\u00e1 que toda a press\u00e3o proveniente das \u00e1reas acima \u00e9 desligada. Normalmente, o uso de solu\u00e7\u00e3o salina simples cuidar\u00e1 do que sobrar.<\/span><\/p>\n\t\t<\/div>\n\t\t\t\t\t<\/div>\n\n\t\n<\/div>\n","protected":false},"excerpt":{"rendered":"","protected":false},"author":1,"featured_media":0,"parent":0,"menu_order":0,"comment_status":"closed","ping_status":"closed","template":"","meta":{"footnotes":""},"class_list":["post-314","page","type-page","status-publish","hentry"],"_links":{"self":[{"href":"https:\/\/vein123.com\/pt\/wp-json\/wp\/v2\/pages\/314","targetHints":{"allow":["GET"]}}],"collection":[{"href":"https:\/\/vein123.com\/pt\/wp-json\/wp\/v2\/pages"}],"about":[{"href":"https:\/\/vein123.com\/pt\/wp-json\/wp\/v2\/types\/page"}],"author":[{"embeddable":true,"href":"https:\/\/vein123.com\/pt\/wp-json\/wp\/v2\/users\/1"}],"replies":[{"embeddable":true,"href":"https:\/\/vein123.com\/pt\/wp-json\/wp\/v2\/comments?post=314"}],"version-history":[{"count":0,"href":"https:\/\/vein123.com\/pt\/wp-json\/wp\/v2\/pages\/314\/revisions"}],"wp:attachment":[{"href":"https:\/\/vein123.com\/pt\/wp-json\/wp\/v2\/media?parent=314"}],"curies":[{"name":"wp","href":"https:\/\/api.w.org\/{rel}","templated":true}]}}