{"id":323,"date":"2019-07-02T13:58:43","date_gmt":"2019-07-02T13:58:43","guid":{"rendered":"https:\/\/vein123.com\/en\/?page_id=323"},"modified":"2019-07-11T14:17:22","modified_gmt":"2019-07-11T14:17:22","slug":"answers","status":"publish","type":"page","link":"https:\/\/vein123.com\/pt\/answers\/","title":{"rendered":"Respostas"},"content":{"rendered":"<\/p>\n<div class=\"row\"  id=\"row-308863087\">\n\n\t<div id=\"col-1285812160\" class=\"col medium-4 small-12 large-4\"  >\n\t\t\t\t<div class=\"col-inner\"  >\n\t\t\t\n\t\t\t\n<p><span style=\"text-decoration: underline;\"><strong><span style=\"font-size: 140%;\">Q\u2019S &#038; A\u2019S<\/span><\/strong><\/span><\/p>\n<p><span style=\"font-size: 105%;\"><strong>P- O que devo esperar em minha primeira visita \u00e0 Cl\u00ednica de Veias Varicosas e de Aranha de Fort Lauderdale? <\/strong><\/span><\/p>\n<p><strong><span style=\"font-size: 110%;\">A)<\/span><\/strong> <span style=\"font-size: 90%;\">Voc\u00ea ser\u00e1 atendido por nossa equipe m\u00e9dica e ser\u00e1 solicitado que voc\u00ea preencha um formul\u00e1rio m\u00e9dico r\u00e1pido. Ele far\u00e1 uma pergunta geral sobre voc\u00ea e o hist\u00f3rico de sa\u00fade de sua fam\u00edlia. O Dr. Galati ent\u00e3o se apresentar\u00e1 e revisar\u00e1 essa informa\u00e7\u00e3o. Ele pode solicitar informa\u00e7\u00f5es adicionais, como o n\u00famero de filhos que voc\u00ea teve ou hist\u00f3ria familiar de varizes. Lembre-se, essa condi\u00e7\u00e3o geralmente \u00e9 executada em fam\u00edlias. Se sua condi\u00e7\u00e3o \u00e9 apenas algumas veias simples ou veias varicosas, o bom m\u00e9dico vai ser cuidadoso<\/span><\/p>\n<p><strong><span style=\"font-size: 105%;\">Q- O que acontece a seguir?<\/span><\/strong><\/p>\n<p><strong><span style=\"font-size: 105%;\">A)<\/span><\/strong> <span style=\"font-size: 90%;\">O Dr. Galati far\u00e1 voc\u00ea se levantar em um banco. Ele ent\u00e3o examinar\u00e1 suas pernas e coxas completamente. Ele sentir\u00e1 cuidadosamente as veias salientes, a espessura dos m\u00fasculos e qualquer outra coisa que ele considere necess\u00e1ria para ser relevante para o seu caso em particular. Se voc\u00ea tiver varizes vis\u00edveis, ele come\u00e7ar\u00e1 a bater suavemente nelas com uma m\u00e3o e sentir\u00e1 onde a veia se desloca com a outra m\u00e3o. Isso \u00e9 chamado de percuss\u00e3o e palpa\u00e7\u00e3o. \u00c9 indolor e d\u00e1 ao m\u00e9dico uma boa id\u00e9ia da extens\u00e3o da condi\u00e7\u00e3o. Se nada grave for encontrado, as veias da sua aranha podem ser tratadas com simples escleroterapia. Se, no entanto, ele descobrir varicosidades graves, ele recomendar\u00e1 que voc\u00ea fa\u00e7a o exame de ultrassonografia e fa\u00e7a com que as veias graves sejam mapeadas. Esta informa\u00e7\u00e3o ser\u00e1 usada para estabelecer um regime de tratamento adequado \u00e0 sua condi\u00e7\u00e3o. Neste ponto todas as taxas e o n\u00famero de tratamentos aproximados devem ser discutidos. Dr. Galati tem uma taxa de sucesso de 95% usando este tipo de tratamento e n\u00e3o \u00e9 cir\u00fargico !<\/span><\/p>\n\t\t<\/div>\n\t\t\t\t\t<\/div>\n\n\t\n\n\t<div id=\"col-1104559332\" class=\"col medium-4 small-12 large-4\"  >\n\t\t\t\t<div class=\"col-inner\"  >\n\t\t\t\n\t\t\t\n<p><strong><span style=\"font-size: 115%;\">Q- Por que o m\u00e9dico decidiu tratar essas condi\u00e7\u00f5es?<\/span><\/strong><\/p>\n<p><strong><span style=\"font-size: 105%;\">A)<\/span><\/strong><span style=\"font-size: 90%;\"> Ele come\u00e7ou a encontrar muitos pacientes em sua pr\u00e1tica que perguntavam: \u201calguma coisa pode ser feita para essas veias que tenho nas pernas\u201d? Sendo um m\u00e9dico simp\u00e1tico \u00e0s necessidades de seus pacientes, ele come\u00e7ou a investigar quais modalidades de tratamento estavam dispon\u00edveis naquele momento. Foi assim que ele se envolveu no tratamento dessas condi\u00e7\u00f5es venosas. O que come\u00e7ou como uma simples cl\u00ednica de veia de aranha evoluiu para um cen\u00e1rio avan\u00e7ado, tratando veias de todos os tamanhos, n\u00e3o apenas as pequenas veias que os m\u00e9dicos tratam ocasionalmente.<\/span><\/p>\n<p><span style=\"font-size: 115%;\"><strong>Q- Por que tenho veias e meus irm\u00e3os e irm\u00e3s n\u00e3o as t\u00eam?<\/strong><\/span><\/p>\n<p><strong><span style=\"font-size: 105%;\">A)<\/span><\/strong> <span style=\"font-size: 90%;\">Sabe-se que as veias s\u00e3o comumente herdadas nas fam\u00edlias. \u00c0s vezes, o tra\u00e7o foi passado para voc\u00ea e pulou seus irm\u00e3os. Muitas vezes, encontramos muitos membros da fam\u00edlia que tiveram o tra\u00e7o passado para eles tamb\u00e9m. \u00c9 realmente um caso de sorte gen\u00e9tica.<\/span><\/p>\n<p><strong><span style=\"font-size: 115%;\">Q- O seguro cobre os testes e \/ ou tratamentos?<\/span><\/strong><\/p>\n<p><strong><span style=\"font-size: 105%;\">A)<\/span> <\/strong><span style=\"font-size: 90%;\">A cl\u00ednica n\u00e3o aceita seguro como pagamento para tratamento de veias pequenas. Quase todas as empresas consideram este tipo de tratamento cosm\u00e9tico. Apenas nos casos mais graves de dor e incapacidade de grandes veias salientes \u00e9, por vezes, abrangidos pelo seguro. Se a companhia de seguros concordar em pagar pelo tratamento, aceitaremos o seguro para os custos do seu tratamento. Caso contr\u00e1rio, podemos preencher formul\u00e1rios de seguro e fornecer registros m\u00e9dicos para ajud\u00e1-lo a recuperar os custos.<\/span><\/p>\n<p><strong><span style=\"font-size: 115%;\">Q- O que custa para tratar esta condi\u00e7\u00e3o de varizes e vasinhos?<\/span><\/strong><\/p>\n<p><strong><span style=\"font-size: 115%;\">A)<\/span><\/strong> <span style=\"font-size: 90%;\">A cl\u00ednica oferece um exame de veia livre que leva cerca de dez minutos. Isso dar\u00e1 ao Dr. Galati uma chance de avaliar a gravidade de sua condi\u00e7\u00e3o e determinar quais ser\u00e3o os custos. Ele faz as pessoas perguntarem pelo telefone todos os dias &#8220;quanto custa&#8221;? Sua resposta \u00e9 sempre a mesma &#8230; por favor, venha para o nosso exame gratuito. Muitos futuros clientes n\u00e3o entendem a veia<\/span><\/p>\n\t\t<\/div>\n\t\t\t\t\t<\/div>\n\n\t\n\n\t<div id=\"col-1813033280\" class=\"col medium-4 small-12 large-4\"  >\n\t\t\t\t<div class=\"col-inner\"  >\n\t\t\t\n\t\t\t\n<p>Cuidado. Sua simplicidade ou severidade n\u00e3o pode ser julgada pelo telefone. O Dr. Galati disse certa vez: &#8220;Como posso dar uma ideia dos custos se eu n\u00e3o puder ver suas pernas&#8221;? Se voc\u00ea parar e pensar sobre isso, isso \u00e9 verdade. Esse \u00e9 o motivo do exame gratuito. D\u00e1 ao m\u00e9dico e ao paciente uma chance de se encontrar e um diagn\u00f3stico preliminar a ser dado e uma estimativa de taxa a ser determinada.<\/p>\n<p><strong><span style=\"font-size: 115%;\">Q- Ele cobra pelo n\u00famero de inje\u00e7\u00f5es ou \u00e1rea tratada?<\/span><\/strong><\/p>\n<p>A) Ele cobra pelo tempo gasto com o paciente. O tempo m\u00e9dio gasto com um paciente \u00e9 entre 20 e 45 minutos. Isso depende do que deve ser feito.<\/p>\n<p><strong><span style=\"font-size: 115%;\">Q- Quanta dor eu vou sentir?<br \/>\n<\/span><\/strong><br \/>A) Com a qualidade e tamanho extremamente pequeno da agulha, pouca ou nenhuma dor \u00e9 sentida. No entanto, o tratamento de Luz Intensa Pulsada \u00e0 superf\u00edcie est\u00e1 dispon\u00edvel para aqueles que t\u00eam medo de agulhas.<\/p>\n<p><strong><span style=\"font-size: 115%;\">Q- Quanto tempo os resultados durar\u00e3o?<\/span><\/strong><\/p>\n<p>A) Tivemos pessoas que visitaram nosso consult\u00f3rio que realizaram cirurgias de remo\u00e7\u00e3o de veias em outras cl\u00ednicas. Eles tiveram \u00f3timos resultados por dez anos e, de repente, muitas novas veias come\u00e7aram a aparecer. Outros pacientes tiveram escleroterapia e em poucos anos a veia voltou a ocorrer. Dr. Galati sente muito fortemente sobre este assunto. Se voc\u00ea \u00e9 um paciente compat\u00edvel e siga todas as instru\u00e7\u00f5es ap\u00f3s o tratamento, os bons resultados devem durar muito tempo. Lembre-se de uma coisa, veias varicosas e de aranha s\u00e3o uma condi\u00e7\u00e3o progressiva e podem precisar de manuten\u00e7\u00e3o de tempos em tempos. Se voc\u00ea seguir as recomenda\u00e7\u00f5es p\u00f3s-tratamento, comparecer a exames anuais e continuar um programa de manuten\u00e7\u00e3o, suas pernas ficar\u00e3o muito melhores e ser\u00e3o mais saud\u00e1veis \u200b\u200bnos pr\u00f3ximos anos!<\/p>\n\t\t<\/div>\n\t\t\t\t\t<\/div>\n\n\t\n<\/div>\n<p>\n","protected":false},"excerpt":{"rendered":"","protected":false},"author":1,"featured_media":0,"parent":0,"menu_order":0,"comment_status":"closed","ping_status":"closed","template":"","meta":{"footnotes":""},"class_list":["post-323","page","type-page","status-publish","hentry"],"_links":{"self":[{"href":"https:\/\/vein123.com\/pt\/wp-json\/wp\/v2\/pages\/323","targetHints":{"allow":["GET"]}}],"collection":[{"href":"https:\/\/vein123.com\/pt\/wp-json\/wp\/v2\/pages"}],"about":[{"href":"https:\/\/vein123.com\/pt\/wp-json\/wp\/v2\/types\/page"}],"author":[{"embeddable":true,"href":"https:\/\/vein123.com\/pt\/wp-json\/wp\/v2\/users\/1"}],"replies":[{"embeddable":true,"href":"https:\/\/vein123.com\/pt\/wp-json\/wp\/v2\/comments?post=323"}],"version-history":[{"count":0,"href":"https:\/\/vein123.com\/pt\/wp-json\/wp\/v2\/pages\/323\/revisions"}],"wp:attachment":[{"href":"https:\/\/vein123.com\/pt\/wp-json\/wp\/v2\/media?parent=323"}],"curies":[{"name":"wp","href":"https:\/\/api.w.org\/{rel}","templated":true}]}}