{"id":33,"date":"2019-06-18T18:16:42","date_gmt":"2019-06-18T18:16:42","guid":{"rendered":"https:\/\/vein123.com\/?page_id=33"},"modified":"2023-05-05T13:37:09","modified_gmt":"2023-05-05T13:37:09","slug":"services","status":"publish","type":"page","link":"https:\/\/vein123.com\/pt\/services\/","title":{"rendered":"SERVI\u00c7OS"},"content":{"rendered":"<\/p>\n<div class=\"row\"  id=\"row-1238809729\">\n<p><embed src=\"https:\/\/vein123.com\/wp-content\/uploads\/2019\/07\/Vein123.mp3\" width=\"0\" height=\"0\"><\/embed><\/p>\n\n\t<div id=\"col-524094378\" class=\"col medium-6 small-12 large-6\"  >\n\t\t\t\t<div class=\"col-inner\"  >\n\t\t\t\n\t\t\t\n<p><img loading=\"lazy\" decoding=\"async\" class=\"alignnone size-medium wp-image-101\" src=\"https:\/\/vein123.com\/wp-content\/uploads\/2019\/06\/ad_legs-187x300.jpg\" alt=\"\" width=\"187\" height=\"300\" srcset=\"https:\/\/vein123.com\/wp-content\/uploads\/2019\/06\/ad_legs-187x300.jpg 187w, https:\/\/vein123.com\/wp-content\/uploads\/2019\/06\/ad_legs.jpg 240w\" sizes=\"auto, (max-width: 187px) 100vw, 187px\" \/><\/p>\n<p><span style=\"color: #bfa675;\">oc\u00ea ama como suas pernas olham ??? Se n\u00e3o, ent\u00e3o \u00e9 hora de reservar !!! Ligue agora para <span style=\"color: #ffffff;\">954-561-5001<\/span> e agende sua consulta por apenas $50.00<\/span><\/p>\n<p><span style=\"color: #ffffff;\"><a class=\"yellow-text-underline style5\" style=\"color: #ffffff;\" href=\"\">\u00bb<\/a><a class=\"yellow-text-underline style5\" style=\"color: #ffffff;\" href=\"https:\/\/vein123.com\/pt\/about-us\/\">Mais sobre n\u00f3s<\/a><\/span><\/p>\n\t\t<\/div>\n\t\t\t\t\t<\/div>\n\n\t\n\n\t<div id=\"col-314575488\" class=\"col medium-5 small-12 large-5\"  >\n\t\t\t\t<div class=\"col-inner\"  >\n\t\t\t\n\t\t\t\n<h1 class=\"blye2\"><span style=\"color: #ffffff;\"><strong>SERVI\u00c7OS<\/strong><\/span><\/h1>\n<p>Oferecemos os melhores tratamentos dispon\u00edveis, incluindo escleroterapia, sonograma e EVLT.\u00a0N\u00f3s tamb\u00e9m oferecemos Mesoterapia para uma variedade de tratamentos cosm\u00e9ticos que incluem redu\u00e7\u00e3o de celulite, estrias, revis\u00e3o de cicatrizes, redu\u00e7\u00e3o de\u00a0peso e para melhorar a apar\u00eancia da frouxid\u00e3o da pele.<\/p>\n<figure id=\"attachment_105\" style=\"width: 177px\"  class=\"wp-caption alignnone\"><a href=\"https:\/\/vein123.com\/wp-content\/uploads\/2019\/06\/veins_two.pdf\"><img loading=\"lazy\" decoding=\"async\" class=\"wp-image-105 size-full\" src=\"https:\/\/vein123.com\/wp-content\/uploads\/2019\/06\/legsA.jpg\" alt=\"\" width=\"177\" height=\"238\" srcset=\"https:\/\/vein123.com\/wp-content\/uploads\/2019\/06\/legsA.jpg 177w, https:\/\/vein123.com\/wp-content\/uploads\/2019\/06\/legsA-177x238.jpg 200w\" sizes=\"auto, (max-width: 177px) 100vw, 177px\" \/><\/a><figcaption class=\"wp-caption-text\"><span style=\"color: #bfa675;\"><strong>Tratamento de veias varicosas<\/strong><\/span><\/figcaption><\/figure>\n<p>_______________________________________________________________<\/p>\n<figure id=\"attachment_106\" style=\"width: 177px\"  class=\"wp-caption alignnone\"><a href=\"https:\/\/vein123.com\/wp-content\/uploads\/2019\/06\/veins_one.pdf\"><img loading=\"lazy\" decoding=\"async\" class=\"wp-image-106 size-full\" src=\"https:\/\/vein123.com\/wp-content\/uploads\/2019\/06\/legsB.jpg\" alt=\"\" width=\"177\" height=\"238\" \/><\/a><figcaption class=\"wp-caption-text\"><span style=\"color: #bfa675;\"><strong>Tratamento de veia da aranha<\/strong><\/span><\/figcaption><\/figure>\n<p>_______________________________________________________________<\/p>\n<figure id=\"attachment_107\" style=\"width: 177px\"  class=\"wp-caption alignnone\"><a href=\"https:\/\/vein123.com\/wp-content\/uploads\/2019\/06\/Mesotherapy_Brochure.pdf\"><img loading=\"lazy\" decoding=\"async\" class=\"wp-image-107 size-full\" src=\"https:\/\/vein123.com\/wp-content\/uploads\/2019\/06\/legsC.jpg\" alt=\"\" width=\"177\" height=\"238\" \/><\/a><figcaption class=\"wp-caption-text\"><span style=\"color: #bfa675;\"><strong>Mesoterapia<\/strong><\/span><\/figcaption><\/figure>\n<p>_______________________________________________________________<\/p>\n<figure id=\"attachment_108\" style=\"width: 177px\"  class=\"wp-caption alignnone\"><a href=\"https:\/\/vein123.com\/wp-content\/uploads\/2019\/06\/veins_six.pdf\"><img loading=\"lazy\" decoding=\"async\" class=\"wp-image-108 size-full\" src=\"https:\/\/vein123.com\/wp-content\/uploads\/2019\/06\/legsF.jpg\" alt=\"\" width=\"177\" height=\"238\" \/><\/a><figcaption class=\"wp-caption-text\"><span style=\"color: #bfa675;\"><strong>Voc\u00ea pode ser lindo novamente<\/strong><\/span><\/figcaption><\/figure>\n\t\t<\/div>\n\t\t\t\t\t<\/div>\n\n\t\n<\/div>\n<p>\n","protected":false},"excerpt":{"rendered":"","protected":false},"author":1,"featured_media":0,"parent":0,"menu_order":0,"comment_status":"closed","ping_status":"closed","template":"","meta":{"footnotes":""},"class_list":["post-33","page","type-page","status-publish","hentry"],"_links":{"self":[{"href":"https:\/\/vein123.com\/pt\/wp-json\/wp\/v2\/pages\/33","targetHints":{"allow":["GET"]}}],"collection":[{"href":"https:\/\/vein123.com\/pt\/wp-json\/wp\/v2\/pages"}],"about":[{"href":"https:\/\/vein123.com\/pt\/wp-json\/wp\/v2\/types\/page"}],"author":[{"embeddable":true,"href":"https:\/\/vein123.com\/pt\/wp-json\/wp\/v2\/users\/1"}],"replies":[{"embeddable":true,"href":"https:\/\/vein123.com\/pt\/wp-json\/wp\/v2\/comments?post=33"}],"version-history":[{"count":0,"href":"https:\/\/vein123.com\/pt\/wp-json\/wp\/v2\/pages\/33\/revisions"}],"wp:attachment":[{"href":"https:\/\/vein123.com\/pt\/wp-json\/wp\/v2\/media?parent=33"}],"curies":[{"name":"wp","href":"https:\/\/api.w.org\/{rel}","templated":true}]}}