{"id":330,"date":"2019-07-02T15:31:55","date_gmt":"2019-07-02T15:31:55","guid":{"rendered":"https:\/\/vein123.com\/en\/?page_id=330"},"modified":"2019-07-11T14:18:39","modified_gmt":"2019-07-11T14:18:39","slug":"mesotherapy","status":"publish","type":"page","link":"https:\/\/vein123.com\/pt\/mesotherapy\/","title":{"rendered":"Mesoterapia"},"content":{"rendered":"<\/p>\n<div class=\"row\"  id=\"row-1693328816\">\n\n\t<div id=\"col-1066920643\" class=\"col medium-4 small-12 large-4\"  >\n\t\t\t\t<div class=\"col-inner\"  >\n\t\t\t\n\t\t\t\n<p><strong><span style=\"font-size: 120%;\">Quais s\u00e3o os benef\u00edcios da Mesoterapia?<\/span><\/strong><\/p>\n<ul>\n<li><span style=\"font-size: 90%;\">Mesoterapia pode ser usada para melhorar a apar\u00eancia da celulite, redu\u00e7\u00e3o de gordura e flacidez da pele.<\/span><\/li>\n<li><span style=\"font-size: 90%;\">A redu\u00e7\u00e3o de pontos e \u00e1reas de contorno de gordura em locais como pegas, coxas, joelhos e alforjes t\u00eam resultados not\u00e1veis.<\/span><\/li>\n<li><span style=\"font-size: 90%;\">Os efeitos colaterais e as contra-indica\u00e7\u00f5es associadas a outros tratamentos e medicamentos s\u00e3o m\u00ednimos.<\/span><\/li>\n<li><span style=\"font-size: 90%;\">O aperto e a tonifica\u00e7\u00e3o da \u00e1rea tratada ocorrem com o retorno da elasticidade da pele criada pela maior produ\u00e7\u00e3o de col\u00e1geno e elastina.<\/span><\/li>\n<li><span style=\"font-size: 90%;\">Voc\u00ea pode retornar \u00e0s atividades normais imediatamente ap\u00f3s seus tratamentos.<\/span><\/li>\n<\/ul>\n\t\t<\/div>\n\t\t\t\t\t<\/div>\n\n\t\n\n\t<div id=\"col-1280264870\" class=\"col medium-4 small-12 large-4\"  >\n\t\t\t\t<div class=\"col-inner\"  >\n\t\t\t\n\t\t\t\n<p>\u00a0<\/p>\n<p>\u00a0<\/p>\n<p>\u00a0<\/p>\n<p>\u00a0<\/p>\n<p style=\"text-align: center;\"><strong><span style=\"font-size: 110%;\">Dr. Peter S. Galati DPM<\/span><\/strong><br \/><strong><span style=\"font-size: 115%;\">ASAM<\/span><\/strong><br \/><span style=\"font-size: 90%;\">Sociedade Americana de Est\u00e9tica e Mesoterapia<\/span><\/p>\n<p style=\"text-align: center;\"><span style=\"font-size: 90%;\"><strong><span style=\"background-color: #a14e25; color: #ffffff;\">FORT LAUDERDALE VARICOSE <\/span><\/strong><\/span><span style=\"font-size: 90%;\"><strong><span style=\"background-color: #a14e25; color: #ffffff;\">&#038; <\/span><\/strong><\/span><span style=\"font-size: 90%;\"><strong><span style=\"background-color: #a14e25; color: #ffffff;\">MESOTHERAPY CLINIC<\/span><\/strong><\/span><\/p>\n<p style=\"text-align: center;\"><span style=\"color: #ffffff; font-size: 80%;\"><strong>4146 N. FEDERAL HIGHWAY<\/strong><\/span><br \/><span style=\"color: #ffffff; font-size: 80%;\"><strong>FORT LAUDERDALE, FL 33308<\/strong><\/span><br \/><span style=\"color: #ffffff; font-size: 80%;\"><strong>Phone: (954) 561-5001<\/strong><\/span><br \/><span style=\"color: #ffffff; font-size: 80%;\"><strong>Fax: (954) 561-1533<\/strong><\/span><\/p>\n\t\t<\/div>\n\t\t\t\t\t<\/div>\n\n\t\n\n\t<div id=\"col-1243069458\" class=\"col medium-4 small-12 large-4\"  >\n\t\t\t\t<div class=\"col-inner\"  >\n\t\t\t\n\t\t\t\n<p style=\"text-align: center;\"><span style=\"font-size: 160%;\"><strong>Mesoterapia<\/strong><\/span><\/p>\n<p style=\"text-align: center;\"><strong><span style=\"font-size: 130%;\">Uma solu\u00e7\u00e3o n\u00e3o cir\u00fargica para redu\u00e7\u00e3o de gordura e celulite<\/span><\/strong><\/p>\n<p>\u00a0<\/p>\n<p>\u00a0<\/p>\n<p>\u00a0<\/p>\n<p>\u00a0<\/p>\n<p>\u00a0<\/p>\n<p><span style=\"background-color: #853811; color: #ffffff;\"><strong><span style=\"font-size: 75%; background-color: #853811;\">\u00a0FORT LAUDERDALE VARICOSE &#038; MESOTHERAPY CLINIC<\/span><\/strong><\/span><span style=\"background-color: #853811; color: #ffffff;\"><strong><span style=\"font-size: 75%; background-color: #853811;\">\u00a0\u00a0<\/span><\/strong><\/span><\/p>\n<p><span style=\"background-color: #853811; color: #ffffff; font-size: 150%;\">\u00a0 Tel: (954) 561-5001\u00a0 \u00a0\u00a0<\/span><\/p>\n\t\t<\/div>\n\t\t\t\t\t<\/div>\n\n\t\n\n\t<div id=\"col-43779142\" class=\"col medium-4 small-12 large-4\"  >\n\t\t\t\t<div class=\"col-inner\"  >\n\t\t\t\n\t\t\t\n<hr \/>\n<p><strong><span style=\"font-size: 120%;\">O que \u00e9 mesoterapia?<\/span><\/strong><\/p>\n<p><span style=\"font-size: 90%;\">Mesoterapia \u00e9 um novo tratamento est\u00e9tico revolucion\u00e1rio que funciona como uma alternativa sem tempo para os procedimentos cosm\u00e9ticos tradicionais. Um cl\u00ednico geral franc\u00eas chamado Dr. Michel Pistor desenvolveu essa t\u00e9cnica m\u00e9dica em 1952. Ele usou Mesoterapia para tratar doen\u00e7as de pele, doen\u00e7as vasculares, trauma relacionado a esportes, condi\u00e7\u00f5es reumat\u00f3ides e melhora da circula\u00e7\u00e3o. Atualmente, os m\u00e9dicos est\u00e3o usando a Mesoterapia para uma variedade de tratamentos est\u00e9ticos que incluem redu\u00e7\u00e3o da celulite, estrias, revis\u00e3o de cicatrizes, redu\u00e7\u00e3o de peso e para melhorar a apar\u00eancia da frouxid\u00e3o da pele.<\/span><\/p>\n<p><strong><span style=\"font-size: 120%;\">Como \u00e9 o tratamento?<\/span><\/strong><\/p>\n<p><span style=\"font-size: 90%;\">Durante o tratamento Mesoterapia, a medica\u00e7\u00e3o \u00e9 injetada na camada m\u00e9dia da pele, tamb\u00e9m conhecida como mesoderme. Esses rem\u00e9dios s\u00e3o introduzidos em doses muito pequenas para as \u00e1reas que precisam de tratamento. Cada condi\u00e7\u00e3o da pele ou \u00e1rea do corpo que voc\u00ea gostaria de receber tratamento exige uma f\u00f3rmula espec\u00edfica para alcan\u00e7ar o resultado desejado. Para tratar eficazmente a celulite, v\u00e1rios compostos s\u00e3o injetados para dissolver os tecidos conjuntivos que produzem a apar\u00eancia de \u201cqueijo cottage\u201d e aumentam o fluxo linf\u00e1tico. As microinje\u00e7\u00f5es s\u00e3o relativamente indolores, portanto n\u00e3o h\u00e1 necessidade de anestesia. Voc\u00ea pode retomar as atividades normais ap\u00f3s o tratamento de Mesoterapia. O \u00fanico efeito colateral que voc\u00ea pode ter \u00e9 um leve hematoma das inje\u00e7\u00f5es.<\/span><\/p>\n\t\t<\/div>\n\t\t\t\t\t<\/div>\n\n\t\n\n\t<div id=\"col-965688640\" class=\"col medium-4 small-12 large-4\"  >\n\t\t\t\t<div class=\"col-inner\"  >\n\t\t\t\n\t\t\t\n<hr \/>\n<p><strong><span style=\"font-size: 120%;\">Quanto tempo duram os resultados?<\/span><\/strong><\/p>\n<p><span style=\"font-size: 90%;\">Seu estilo de vida determinar\u00e1 quanto tempo durar\u00e3o seus resultados. Tal como acontece com procedimentos invasivos, como lipoaspira\u00e7\u00e3o, bons h\u00e1bitos alimentares e exerc\u00edcios s\u00e3o necess\u00e1rios para manter a gordura de retornar. Como a Mesoterapia \u00e9 um processo natural n\u00e3o cir\u00fargico, ela trabalha com a fisiologia natural do seu corpo, e seu m\u00e9dico pode recomendar uma mudan\u00e7a em seu estilo de vida para maximizar a dura\u00e7\u00e3o total.<\/span><\/p>\n<p><strong><span style=\"font-size: 120%;\">Quantos tratamentos eu preciso?<\/span><\/strong><\/p>\n<p><span style=\"font-size: 90%;\">As circunst\u00e2ncias e condi\u00e7\u00f5es da \u00e1rea a ser tratada determinar\u00e3o o n\u00famero de tratamentos necess\u00e1rios para alcan\u00e7ar os resultados desejados. Por exemplo, a redu\u00e7\u00e3o da celulite requer mais tratamentos do que a redu\u00e7\u00e3o de gordura devido ao processo regenerativo subsequente. Durante sua consulta, o n\u00famero e a frequ\u00eancia dos tratamentos ser\u00e3o discutidos. Quais s\u00e3o as etapas preliminares? Se voc\u00ea est\u00e1 considerando o tratamento, um hist\u00f3rico m\u00e9dico e um exame s\u00e3o necess\u00e1rios antes de agendar seu primeiro tratamento. Durante sua consulta, os medicamentos que seu m\u00e9dico usar\u00e1 para o tratamento ser\u00e3o analisados. As t\u00e9cnicas de microinje\u00e7\u00e3o da Mesoterapia<\/span><\/p>\n\t\t<\/div>\n\t\t\t\t\t<\/div>\n\n\t\n\n\t<div id=\"col-1912767802\" class=\"col medium-4 small-12 large-4\"  >\n\t\t\t\t<div class=\"col-inner\"  >\n\t\t\t\n\t\t\t\n<hr \/>\n<p><span style=\"font-size: 90%;\">e f\u00f3rmulas s\u00e3o \u00fanicas. Cada f\u00f3rmula foi ajustada para abordar a condi\u00e7\u00e3o espec\u00edfica que voc\u00ea gostaria de melhorar. Para que o seu Mesoterapeuta domine a t\u00e9cnica e obtenha o conhecimento necess\u00e1rio das f\u00f3rmulas apropriadas a serem usadas, ele deve ter treinamento apropriado nos procedimentos da Mesoterapia. Dr. Galati teve treinamento extensivo neste campo .<\/span>.<\/p>\n<p><img loading=\"lazy\" decoding=\"async\" class=\"size-full wp-image-340 aligncenter\" src=\"https:\/\/vein123.com\/wp-content\/uploads\/2019\/07\/a.png\" alt=\"\" width=\"189\" height=\"138\" \/><\/p>\n<p style=\"text-align: center;\"><strong><span style=\"font-size: 115%;\">Antes<\/span><\/strong><\/p>\n<p><img loading=\"lazy\" decoding=\"async\" class=\"size-full wp-image-341 aligncenter\" src=\"https:\/\/vein123.com\/wp-content\/uploads\/2019\/07\/b.png\" alt=\"\" width=\"182\" height=\"141\" \/><\/p>\n<p style=\"text-align: center;\"><strong><span style=\"font-size: 115%;\">Depois de<\/span><\/strong><\/p>\n<p style=\"text-align: center;\"><span style=\"background-color: #873a13; color: #ffffff;\">FORT LAUDERDALE VARICOSE &#038; MESOTHERAPY CLINIC<\/span><\/p>\n<p style=\"text-align: center;\"><span style=\"color: #ffffff;\">4146 N. FEDERAL HIGHWAY<\/span><br \/><span style=\"color: #ffffff;\">FORT LAUDERDALE, FL 33308<\/span><br \/><span style=\"color: #ffffff;\">Phone: (954) 561-5001<\/span><br \/><span style=\"color: #ffffff;\">Fax: (954) 561-1533 <\/span><\/p>\n\t\t<\/div>\n\t\t\t\t\t<\/div>\n\n\t\n<\/div>\n","protected":false},"excerpt":{"rendered":"","protected":false},"author":1,"featured_media":0,"parent":0,"menu_order":0,"comment_status":"closed","ping_status":"closed","template":"","meta":{"footnotes":""},"class_list":["post-330","page","type-page","status-publish","hentry"],"_links":{"self":[{"href":"https:\/\/vein123.com\/pt\/wp-json\/wp\/v2\/pages\/330","targetHints":{"allow":["GET"]}}],"collection":[{"href":"https:\/\/vein123.com\/pt\/wp-json\/wp\/v2\/pages"}],"about":[{"href":"https:\/\/vein123.com\/pt\/wp-json\/wp\/v2\/types\/page"}],"author":[{"embeddable":true,"href":"https:\/\/vein123.com\/pt\/wp-json\/wp\/v2\/users\/1"}],"replies":[{"embeddable":true,"href":"https:\/\/vein123.com\/pt\/wp-json\/wp\/v2\/comments?post=330"}],"version-history":[{"count":0,"href":"https:\/\/vein123.com\/pt\/wp-json\/wp\/v2\/pages\/330\/revisions"}],"wp:attachment":[{"href":"https:\/\/vein123.com\/pt\/wp-json\/wp\/v2\/media?parent=330"}],"curies":[{"name":"wp","href":"https:\/\/api.w.org\/{rel}","templated":true}]}}